{"id":882,"date":"2023-07-28T14:46:20","date_gmt":"2023-07-28T13:46:20","guid":{"rendered":"https:\/\/www.kynova.com\/v2-agence\/?page_id=882"},"modified":"2023-07-28T14:50:44","modified_gmt":"2023-07-28T13:50:44","slug":"site-internet-eco-responsable","status":"publish","type":"page","link":"https:\/\/www.kynova.com\/v2-agence\/site-internet-eco-responsable\/","title":{"rendered":"Site internet \u00e9co-responsable"},"content":{"rendered":"\n<p>Concevoir un site web \u00e9co-responsable est de plus en plus important dans un monde o\u00f9 la consommation d\u2019\u00e9nergie des technologies num\u00e9riques continue de cro\u00eetre. Cr\u00e9er un site web \u00e9co-responsable n\u00e9cessite une attention particuli\u00e8re aux d\u00e9tails et une r\u00e9flexion sur les pratiques durables dans le d\u00e9veloppement et l\u2019h\u00e9bergement du site. Il est important de prendre en compte plusieurs facteurs tout au long du processus de conception. Les mesures propos\u00e9es par l\u2019\u00e9quipe Kynova, sensible au respect de l\u2019environnement, aide \u00e0 la conception d\u2019un site web \u00e9co-responsable.<br><br><\/p>\n\n\n\n<p>Pour cela, nous rendons possible :<br><br><\/p>\n\n\n\n<ul class=\"wp-block-list\">\n<li>L\u2019utilisation de serveurs \u00e9cologiques qui utilisent l\u2019\u00e9nergie verte et qui ont des pratiques durables en mati\u00e8re de consommation d\u2019\u00e9nergie. Nous v\u00e9rifions les politiques d\u2019h\u00e9bergeur en mati\u00e8re de durabilit\u00e9 et de r\u00e9duction de l\u2019empreinte \u00e9cologique, pour assurer un choix responsable. Cela permettra de limiter les impacts environnementaux li\u00e9s \u00e0 l\u2019exploitation de votre site.<br><br><\/li>\n\n\n\n<li>L\u2019optimisation des performances du site afin qu\u2019il consomme moins de ressources et prenne moins de temps \u00e0 charger. Cela permettra de rendre votre site plus rapide et plus efficace, et ainsi r\u00e9duire la consommation d\u2019\u00e9nergie, mais \u00e9galement d\u2019am\u00e9liorer l\u2019exp\u00e9rience utilisateur, ce qui est b\u00e9n\u00e9fique pour toutes les parties concern\u00e9es.<br><br><\/li>\n\n\n\n<li>L\u2019optimisation des images en utilisant des outils de compression pour r\u00e9duire la taille des fichiers tout en assurant une bonne qualit\u00e9 d\u2019image. Cela permet de r\u00e9duire le temps de chargement du site et de consommer moins de bande passante. Cela am\u00e9liora \u00e9galement l\u2019exp\u00e9rience utilisateur, car les images se chargeront plus rapidement.<br><br><\/li>\n\n\n\n<li>L\u2019utilisation d\u2019un design efficace pour permettre de r\u00e9duire la taille des fichiers et de rendre le site plus rapide pour am\u00e9liorer encore davantage l\u2019exp\u00e9rience utilisateur.<\/li>\n<\/ul>\n\n\n\n<p>Ainsi, vous pouvez utiliser votre site \u00ab&nbsp;\u00e9co-responsable&nbsp;\u00bb pour promouvoir les engagements RSE de votre entreprise et ses pratiques \u00e9cologiques, tout en sensibilisant les visiteurs sur l\u2019importance d un comportement \u00e9co-responsable et sur les bonnes pratiques sur internet comme dans la vie de tous les jours.<\/p>\n","protected":false},"excerpt":{"rendered":"<p>Concevoir un site web \u00e9co-responsable est de plus en plus important dans un monde o\u00f9 la consommation d\u2019\u00e9nergie des technologies num\u00e9riques continue de cro\u00eetre. Cr\u00e9er un site web \u00e9co-responsable n\u00e9cessite une attention particuli\u00e8re aux d\u00e9tails et une r\u00e9flexion sur les pratiques durables dans le d\u00e9veloppement et l\u2019h\u00e9bergement du site. Il est important de prendre en [&hellip;]<\/p>\n","protected":false},"author":2,"featured_media":885,"parent":0,"menu_order":0,"comment_status":"closed","ping_status":"closed","template":"creation-site-sous-menu.php","meta":{"_acf_changed":false,"footnotes":""},"class_list":["post-882","page","type-page","status-publish","has-post-thumbnail","hentry"],"acf":[],"yoast_head":"<!-- This site is optimized with the Yoast SEO plugin v26.6 - https:\/\/yoast.com\/wordpress\/plugins\/seo\/ -->\n<title>Site internet \u00e9co-responsable - Kynova<\/title>\n<meta name=\"robots\" content=\"index, follow, max-snippet:-1, max-image-preview:large, max-video-preview:-1\" \/>\n<link rel=\"canonical\" href=\"https:\/\/www.kynova.com\/v2-agence\/site-internet-eco-responsable\/\" \/>\n<meta property=\"og:locale\" content=\"fr_FR\" \/>\n<meta property=\"og:type\" content=\"article\" \/>\n<meta property=\"og:title\" content=\"Site internet \u00e9co-responsable - Kynova\" \/>\n<meta property=\"og:description\" content=\"Concevoir un site web \u00e9co-responsable est de plus en plus important dans un monde o\u00f9 la consommation d\u2019\u00e9nergie des technologies num\u00e9riques continue de cro\u00eetre. Cr\u00e9er un site web \u00e9co-responsable n\u00e9cessite une attention particuli\u00e8re aux d\u00e9tails et une r\u00e9flexion sur les pratiques durables dans le d\u00e9veloppement et l\u2019h\u00e9bergement du site. Il est important de prendre en [&hellip;]\" \/>\n<meta property=\"og:url\" content=\"https:\/\/www.kynova.com\/v2-agence\/site-internet-eco-responsable\/\" \/>\n<meta property=\"og:site_name\" content=\"Kynova\" \/>\n<meta property=\"article:modified_time\" content=\"2023-07-28T13:50:44+00:00\" \/>\n<meta property=\"og:image\" content=\"https:\/\/www.kynova.com\/v2-agence\/wp-content\/uploads\/2023\/07\/siteecoresponsable-04.png\" \/>\n\t<meta property=\"og:image:width\" content=\"1631\" \/>\n\t<meta property=\"og:image:height\" content=\"1064\" \/>\n\t<meta property=\"og:image:type\" content=\"image\/png\" \/>\n<meta name=\"twitter:card\" content=\"summary_large_image\" \/>\n<meta name=\"twitter:label1\" content=\"Dur\u00e9e de lecture estim\u00e9e\" \/>\n\t<meta name=\"twitter:data1\" content=\"2 minutes\" \/>\n<script type=\"application\/ld+json\" class=\"yoast-schema-graph\">{\"@context\":\"https:\/\/schema.org\",\"@graph\":[{\"@type\":\"WebPage\",\"@id\":\"https:\/\/www.kynova.com\/v2-agence\/site-internet-eco-responsable\/\",\"url\":\"https:\/\/www.kynova.com\/v2-agence\/site-internet-eco-responsable\/\",\"name\":\"Site internet \u00e9co-responsable - Kynova\",\"isPartOf\":{\"@id\":\"https:\/\/www.kynova.com\/v2-agence\/#website\"},\"primaryImageOfPage\":{\"@id\":\"https:\/\/www.kynova.com\/v2-agence\/site-internet-eco-responsable\/#primaryimage\"},\"image\":{\"@id\":\"https:\/\/www.kynova.com\/v2-agence\/site-internet-eco-responsable\/#primaryimage\"},\"thumbnailUrl\":\"https:\/\/www.kynova.com\/v2-agence\/wp-content\/uploads\/2023\/07\/siteecoresponsable-04.png\",\"datePublished\":\"2023-07-28T13:46:20+00:00\",\"dateModified\":\"2023-07-28T13:50:44+00:00\",\"breadcrumb\":{\"@id\":\"https:\/\/www.kynova.com\/v2-agence\/site-internet-eco-responsable\/#breadcrumb\"},\"inLanguage\":\"fr-FR\",\"potentialAction\":[{\"@type\":\"ReadAction\",\"target\":[\"https:\/\/www.kynova.com\/v2-agence\/site-internet-eco-responsable\/\"]}]},{\"@type\":\"ImageObject\",\"inLanguage\":\"fr-FR\",\"@id\":\"https:\/\/www.kynova.com\/v2-agence\/site-internet-eco-responsable\/#primaryimage\",\"url\":\"https:\/\/www.kynova.com\/v2-agence\/wp-content\/uploads\/2023\/07\/siteecoresponsable-04.png\",\"contentUrl\":\"https:\/\/www.kynova.com\/v2-agence\/wp-content\/uploads\/2023\/07\/siteecoresponsable-04.png\",\"width\":1631,\"height\":1064},{\"@type\":\"BreadcrumbList\",\"@id\":\"https:\/\/www.kynova.com\/v2-agence\/site-internet-eco-responsable\/#breadcrumb\",\"itemListElement\":[{\"@type\":\"ListItem\",\"position\":1,\"name\":\"Accueil\",\"item\":\"https:\/\/www.kynova.com\/v2-agence\/\"},{\"@type\":\"ListItem\",\"position\":2,\"name\":\"Site internet \u00e9co-responsable\"}]},{\"@type\":\"WebSite\",\"@id\":\"https:\/\/www.kynova.com\/v2-agence\/#website\",\"url\":\"https:\/\/www.kynova.com\/v2-agence\/\",\"name\":\"Kynova\",\"description\":\"Agence de communication et d\u00e9veloppement\",\"publisher\":{\"@id\":\"https:\/\/www.kynova.com\/v2-agence\/#organization\"},\"potentialAction\":[{\"@type\":\"SearchAction\",\"target\":{\"@type\":\"EntryPoint\",\"urlTemplate\":\"https:\/\/www.kynova.com\/v2-agence\/?s={search_term_string}\"},\"query-input\":{\"@type\":\"PropertyValueSpecification\",\"valueRequired\":true,\"valueName\":\"search_term_string\"}}],\"inLanguage\":\"fr-FR\"},{\"@type\":\"Organization\",\"@id\":\"https:\/\/www.kynova.com\/v2-agence\/#organization\",\"name\":\"Kynova\",\"url\":\"https:\/\/www.kynova.com\/v2-agence\/\",\"logo\":{\"@type\":\"ImageObject\",\"inLanguage\":\"fr-FR\",\"@id\":\"https:\/\/www.kynova.com\/v2-agence\/#\/schema\/logo\/image\/\",\"url\":\"https:\/\/www.kynova.com\/v2-agence\/wp-content\/uploads\/2015\/05\/logo-Kynova.png\",\"contentUrl\":\"https:\/\/www.kynova.com\/v2-agence\/wp-content\/uploads\/2015\/05\/logo-Kynova.png\",\"width\":349,\"height\":183,\"caption\":\"Kynova\"},\"image\":{\"@id\":\"https:\/\/www.kynova.com\/v2-agence\/#\/schema\/logo\/image\/\"}}]}<\/script>\n<!-- \/ Yoast SEO plugin. -->","yoast_head_json":{"title":"Site internet \u00e9co-responsable - Kynova","robots":{"index":"index","follow":"follow","max-snippet":"max-snippet:-1","max-image-preview":"max-image-preview:large","max-video-preview":"max-video-preview:-1"},"canonical":"https:\/\/www.kynova.com\/v2-agence\/site-internet-eco-responsable\/","og_locale":"fr_FR","og_type":"article","og_title":"Site internet \u00e9co-responsable - Kynova","og_description":"Concevoir un site web \u00e9co-responsable est de plus en plus important dans un monde o\u00f9 la consommation d\u2019\u00e9nergie des technologies num\u00e9riques continue de cro\u00eetre. Cr\u00e9er un site web \u00e9co-responsable n\u00e9cessite une attention particuli\u00e8re aux d\u00e9tails et une r\u00e9flexion sur les pratiques durables dans le d\u00e9veloppement et l\u2019h\u00e9bergement du site. Il est important de prendre en [&hellip;]","og_url":"https:\/\/www.kynova.com\/v2-agence\/site-internet-eco-responsable\/","og_site_name":"Kynova","article_modified_time":"2023-07-28T13:50:44+00:00","og_image":[{"width":1631,"height":1064,"url":"https:\/\/www.kynova.com\/v2-agence\/wp-content\/uploads\/2023\/07\/siteecoresponsable-04.png","type":"image\/png"}],"twitter_card":"summary_large_image","twitter_misc":{"Dur\u00e9e de lecture estim\u00e9e":"2 minutes"},"schema":{"@context":"https:\/\/schema.org","@graph":[{"@type":"WebPage","@id":"https:\/\/www.kynova.com\/v2-agence\/site-internet-eco-responsable\/","url":"https:\/\/www.kynova.com\/v2-agence\/site-internet-eco-responsable\/","name":"Site internet \u00e9co-responsable - Kynova","isPartOf":{"@id":"https:\/\/www.kynova.com\/v2-agence\/#website"},"primaryImageOfPage":{"@id":"https:\/\/www.kynova.com\/v2-agence\/site-internet-eco-responsable\/#primaryimage"},"image":{"@id":"https:\/\/www.kynova.com\/v2-agence\/site-internet-eco-responsable\/#primaryimage"},"thumbnailUrl":"https:\/\/www.kynova.com\/v2-agence\/wp-content\/uploads\/2023\/07\/siteecoresponsable-04.png","datePublished":"2023-07-28T13:46:20+00:00","dateModified":"2023-07-28T13:50:44+00:00","breadcrumb":{"@id":"https:\/\/www.kynova.com\/v2-agence\/site-internet-eco-responsable\/#breadcrumb"},"inLanguage":"fr-FR","potentialAction":[{"@type":"ReadAction","target":["https:\/\/www.kynova.com\/v2-agence\/site-internet-eco-responsable\/"]}]},{"@type":"ImageObject","inLanguage":"fr-FR","@id":"https:\/\/www.kynova.com\/v2-agence\/site-internet-eco-responsable\/#primaryimage","url":"https:\/\/www.kynova.com\/v2-agence\/wp-content\/uploads\/2023\/07\/siteecoresponsable-04.png","contentUrl":"https:\/\/www.kynova.com\/v2-agence\/wp-content\/uploads\/2023\/07\/siteecoresponsable-04.png","width":1631,"height":1064},{"@type":"BreadcrumbList","@id":"https:\/\/www.kynova.com\/v2-agence\/site-internet-eco-responsable\/#breadcrumb","itemListElement":[{"@type":"ListItem","position":1,"name":"Accueil","item":"https:\/\/www.kynova.com\/v2-agence\/"},{"@type":"ListItem","position":2,"name":"Site internet \u00e9co-responsable"}]},{"@type":"WebSite","@id":"https:\/\/www.kynova.com\/v2-agence\/#website","url":"https:\/\/www.kynova.com\/v2-agence\/","name":"Kynova","description":"Agence de communication et d\u00e9veloppement","publisher":{"@id":"https:\/\/www.kynova.com\/v2-agence\/#organization"},"potentialAction":[{"@type":"SearchAction","target":{"@type":"EntryPoint","urlTemplate":"https:\/\/www.kynova.com\/v2-agence\/?s={search_term_string}"},"query-input":{"@type":"PropertyValueSpecification","valueRequired":true,"valueName":"search_term_string"}}],"inLanguage":"fr-FR"},{"@type":"Organization","@id":"https:\/\/www.kynova.com\/v2-agence\/#organization","name":"Kynova","url":"https:\/\/www.kynova.com\/v2-agence\/","logo":{"@type":"ImageObject","inLanguage":"fr-FR","@id":"https:\/\/www.kynova.com\/v2-agence\/#\/schema\/logo\/image\/","url":"https:\/\/www.kynova.com\/v2-agence\/wp-content\/uploads\/2015\/05\/logo-Kynova.png","contentUrl":"https:\/\/www.kynova.com\/v2-agence\/wp-content\/uploads\/2015\/05\/logo-Kynova.png","width":349,"height":183,"caption":"Kynova"},"image":{"@id":"https:\/\/www.kynova.com\/v2-agence\/#\/schema\/logo\/image\/"}}]}},"_links":{"self":[{"href":"https:\/\/www.kynova.com\/v2-agence\/wp-json\/wp\/v2\/pages\/882","targetHints":{"allow":["GET"]}}],"collection":[{"href":"https:\/\/www.kynova.com\/v2-agence\/wp-json\/wp\/v2\/pages"}],"about":[{"href":"https:\/\/www.kynova.com\/v2-agence\/wp-json\/wp\/v2\/types\/page"}],"author":[{"embeddable":true,"href":"https:\/\/www.kynova.com\/v2-agence\/wp-json\/wp\/v2\/users\/2"}],"replies":[{"embeddable":true,"href":"https:\/\/www.kynova.com\/v2-agence\/wp-json\/wp\/v2\/comments?post=882"}],"version-history":[{"count":7,"href":"https:\/\/www.kynova.com\/v2-agence\/wp-json\/wp\/v2\/pages\/882\/revisions"}],"predecessor-version":[{"id":898,"href":"https:\/\/www.kynova.com\/v2-agence\/wp-json\/wp\/v2\/pages\/882\/revisions\/898"}],"wp:featuredmedia":[{"embeddable":true,"href":"https:\/\/www.kynova.com\/v2-agence\/wp-json\/wp\/v2\/media\/885"}],"wp:attachment":[{"href":"https:\/\/www.kynova.com\/v2-agence\/wp-json\/wp\/v2\/media?parent=882"}],"curies":[{"name":"wp","href":"https:\/\/api.w.org\/{rel}","templated":true}]}}