{"id":881,"date":"2023-07-28T14:46:04","date_gmt":"2023-07-28T13:46:04","guid":{"rendered":"https:\/\/www.kynova.com\/v2-agence\/?page_id=881"},"modified":"2023-07-28T14:51:13","modified_gmt":"2023-07-28T13:51:13","slug":"nom-de-domaine-et-hebergement","status":"publish","type":"page","link":"https:\/\/www.kynova.com\/v2-agence\/nom-de-domaine-et-hebergement\/","title":{"rendered":"Nom de domaine et h\u00e9bergement"},"content":{"rendered":"\n<p>Avoir son propre nom de domaine permet \u00e0 votre site internet\u00a0d\u2019\u00eatre identifiable\u00a0et de donner une image plus professionnelle \u00e0 votre entreprise. Le choix du nom de domaine peut intervenir \u00e0 la cr\u00e9ation de l\u2019entreprise et peut \u00eatre directement li\u00e9 au choix du nom de celle-ci. Dans ce cas, avant de valider le nom de votre entreprise, pensez \u00e0 v\u00e9rifier la disponibilit\u00e9 d\u2019un nom de domaine facile \u00e0 identifier en relation avec le nom que vous souhaitez donner \u00e0 votre entreprise.<br><br><\/p>\n\n\n\n<p>Lorsque l\u2019entreprise est d\u00e9j\u00e0 constitu\u00e9e, le choix du nom de domaine doit \u00eatre pertinent pour une identification rapide de l\u2019entreprise. C\u2019est une partie importante dans le d\u00e9veloppement d\u2019une soci\u00e9t\u00e9 et l\u2019\u00e9laboration d\u2019un site internet.\u00a0Kynova recherche pour vous la disponibilit\u00e9 du ou des noms de domaines n\u00e9cessaires et s\u2019occupe de son enregistrement. Le choix du nom de domaine doit \u00e9galement tenir compte de la concurrence pour permettre le bon r\u00e9f\u00e9rencement du site.<br><br><\/p>\n\n\n\n<p>En plus de s\u2019occuper de la cr\u00e9ation de votre nom de domaine, Kynova\u00a0 prend en charge les services qui y sont li\u00e9s\u00a0: l\u2019h\u00e9bergement de\u00a0votre site afin\u00a0de choisir la meilleure offre permettant d\u2019obtenir des performances adapt\u00e9es, la compatibilit\u00e9 n\u00e9cessaire avec le site et de\u00a0cr\u00e9er vos adresses\u00a0emails professionnelles\u00a0li\u00e9es \u00e0 votre nom de domaine.<br><br><\/p>\n\n\n\n<p>Vous avez besoin de d\u00e9marrer votre communication sur internet pour votre entreprise&nbsp;? D\u00e9couvrez la communication facile sur internet avec Kynova&nbsp;!&nbsp;<\/p>\n","protected":false},"excerpt":{"rendered":"<p>Avoir son propre nom de domaine permet \u00e0 votre site internet\u00a0d\u2019\u00eatre identifiable\u00a0et de donner une image plus professionnelle \u00e0 votre entreprise. Le choix du nom de domaine peut intervenir \u00e0 la cr\u00e9ation de l\u2019entreprise et peut \u00eatre directement li\u00e9 au choix du nom de celle-ci. Dans ce cas, avant de valider le nom de votre [&hellip;]<\/p>\n","protected":false},"author":2,"featured_media":884,"parent":0,"menu_order":0,"comment_status":"closed","ping_status":"closed","template":"creation-site-sous-menu.php","meta":{"_acf_changed":false,"footnotes":""},"class_list":["post-881","page","type-page","status-publish","has-post-thumbnail","hentry"],"acf":[],"yoast_head":"<!-- This site is optimized with the Yoast SEO plugin v26.6 - https:\/\/yoast.com\/wordpress\/plugins\/seo\/ -->\n<title>Nom de domaine et h\u00e9bergement - Kynova<\/title>\n<meta name=\"robots\" content=\"index, follow, max-snippet:-1, max-image-preview:large, max-video-preview:-1\" \/>\n<link rel=\"canonical\" href=\"https:\/\/www.kynova.com\/v2-agence\/nom-de-domaine-et-hebergement\/\" \/>\n<meta property=\"og:locale\" content=\"fr_FR\" \/>\n<meta property=\"og:type\" content=\"article\" \/>\n<meta property=\"og:title\" content=\"Nom de domaine et h\u00e9bergement - Kynova\" \/>\n<meta property=\"og:description\" content=\"Avoir son propre nom de domaine permet \u00e0 votre site internet\u00a0d\u2019\u00eatre identifiable\u00a0et de donner une image plus professionnelle \u00e0 votre entreprise. Le choix du nom de domaine peut intervenir \u00e0 la cr\u00e9ation de l\u2019entreprise et peut \u00eatre directement li\u00e9 au choix du nom de celle-ci. Dans ce cas, avant de valider le nom de votre [&hellip;]\" \/>\n<meta property=\"og:url\" content=\"https:\/\/www.kynova.com\/v2-agence\/nom-de-domaine-et-hebergement\/\" \/>\n<meta property=\"og:site_name\" content=\"Kynova\" \/>\n<meta property=\"article:modified_time\" content=\"2023-07-28T13:51:13+00:00\" \/>\n<meta property=\"og:image\" content=\"https:\/\/www.kynova.com\/v2-agence\/wp-content\/uploads\/2023\/07\/nomdomaine-site-hebergement.png\" \/>\n\t<meta property=\"og:image:width\" content=\"2122\" \/>\n\t<meta property=\"og:image:height\" content=\"1491\" \/>\n\t<meta property=\"og:image:type\" content=\"image\/png\" \/>\n<meta name=\"twitter:card\" content=\"summary_large_image\" \/>\n<meta name=\"twitter:label1\" content=\"Dur\u00e9e de lecture estim\u00e9e\" \/>\n\t<meta name=\"twitter:data1\" content=\"1 minute\" \/>\n<script type=\"application\/ld+json\" class=\"yoast-schema-graph\">{\"@context\":\"https:\/\/schema.org\",\"@graph\":[{\"@type\":\"WebPage\",\"@id\":\"https:\/\/www.kynova.com\/v2-agence\/nom-de-domaine-et-hebergement\/\",\"url\":\"https:\/\/www.kynova.com\/v2-agence\/nom-de-domaine-et-hebergement\/\",\"name\":\"Nom de domaine et h\u00e9bergement - Kynova\",\"isPartOf\":{\"@id\":\"https:\/\/www.kynova.com\/v2-agence\/#website\"},\"primaryImageOfPage\":{\"@id\":\"https:\/\/www.kynova.com\/v2-agence\/nom-de-domaine-et-hebergement\/#primaryimage\"},\"image\":{\"@id\":\"https:\/\/www.kynova.com\/v2-agence\/nom-de-domaine-et-hebergement\/#primaryimage\"},\"thumbnailUrl\":\"https:\/\/www.kynova.com\/v2-agence\/wp-content\/uploads\/2023\/07\/nomdomaine-site-hebergement.png\",\"datePublished\":\"2023-07-28T13:46:04+00:00\",\"dateModified\":\"2023-07-28T13:51:13+00:00\",\"breadcrumb\":{\"@id\":\"https:\/\/www.kynova.com\/v2-agence\/nom-de-domaine-et-hebergement\/#breadcrumb\"},\"inLanguage\":\"fr-FR\",\"potentialAction\":[{\"@type\":\"ReadAction\",\"target\":[\"https:\/\/www.kynova.com\/v2-agence\/nom-de-domaine-et-hebergement\/\"]}]},{\"@type\":\"ImageObject\",\"inLanguage\":\"fr-FR\",\"@id\":\"https:\/\/www.kynova.com\/v2-agence\/nom-de-domaine-et-hebergement\/#primaryimage\",\"url\":\"https:\/\/www.kynova.com\/v2-agence\/wp-content\/uploads\/2023\/07\/nomdomaine-site-hebergement.png\",\"contentUrl\":\"https:\/\/www.kynova.com\/v2-agence\/wp-content\/uploads\/2023\/07\/nomdomaine-site-hebergement.png\",\"width\":2122,\"height\":1491},{\"@type\":\"BreadcrumbList\",\"@id\":\"https:\/\/www.kynova.com\/v2-agence\/nom-de-domaine-et-hebergement\/#breadcrumb\",\"itemListElement\":[{\"@type\":\"ListItem\",\"position\":1,\"name\":\"Accueil\",\"item\":\"https:\/\/www.kynova.com\/v2-agence\/\"},{\"@type\":\"ListItem\",\"position\":2,\"name\":\"Nom de domaine et h\u00e9bergement\"}]},{\"@type\":\"WebSite\",\"@id\":\"https:\/\/www.kynova.com\/v2-agence\/#website\",\"url\":\"https:\/\/www.kynova.com\/v2-agence\/\",\"name\":\"Kynova\",\"description\":\"Agence de communication et d\u00e9veloppement\",\"publisher\":{\"@id\":\"https:\/\/www.kynova.com\/v2-agence\/#organization\"},\"potentialAction\":[{\"@type\":\"SearchAction\",\"target\":{\"@type\":\"EntryPoint\",\"urlTemplate\":\"https:\/\/www.kynova.com\/v2-agence\/?s={search_term_string}\"},\"query-input\":{\"@type\":\"PropertyValueSpecification\",\"valueRequired\":true,\"valueName\":\"search_term_string\"}}],\"inLanguage\":\"fr-FR\"},{\"@type\":\"Organization\",\"@id\":\"https:\/\/www.kynova.com\/v2-agence\/#organization\",\"name\":\"Kynova\",\"url\":\"https:\/\/www.kynova.com\/v2-agence\/\",\"logo\":{\"@type\":\"ImageObject\",\"inLanguage\":\"fr-FR\",\"@id\":\"https:\/\/www.kynova.com\/v2-agence\/#\/schema\/logo\/image\/\",\"url\":\"https:\/\/www.kynova.com\/v2-agence\/wp-content\/uploads\/2015\/05\/logo-Kynova.png\",\"contentUrl\":\"https:\/\/www.kynova.com\/v2-agence\/wp-content\/uploads\/2015\/05\/logo-Kynova.png\",\"width\":349,\"height\":183,\"caption\":\"Kynova\"},\"image\":{\"@id\":\"https:\/\/www.kynova.com\/v2-agence\/#\/schema\/logo\/image\/\"}}]}<\/script>\n<!-- \/ Yoast SEO plugin. -->","yoast_head_json":{"title":"Nom de domaine et h\u00e9bergement - Kynova","robots":{"index":"index","follow":"follow","max-snippet":"max-snippet:-1","max-image-preview":"max-image-preview:large","max-video-preview":"max-video-preview:-1"},"canonical":"https:\/\/www.kynova.com\/v2-agence\/nom-de-domaine-et-hebergement\/","og_locale":"fr_FR","og_type":"article","og_title":"Nom de domaine et h\u00e9bergement - Kynova","og_description":"Avoir son propre nom de domaine permet \u00e0 votre site internet\u00a0d\u2019\u00eatre identifiable\u00a0et de donner une image plus professionnelle \u00e0 votre entreprise. Le choix du nom de domaine peut intervenir \u00e0 la cr\u00e9ation de l\u2019entreprise et peut \u00eatre directement li\u00e9 au choix du nom de celle-ci. Dans ce cas, avant de valider le nom de votre [&hellip;]","og_url":"https:\/\/www.kynova.com\/v2-agence\/nom-de-domaine-et-hebergement\/","og_site_name":"Kynova","article_modified_time":"2023-07-28T13:51:13+00:00","og_image":[{"width":2122,"height":1491,"url":"https:\/\/www.kynova.com\/v2-agence\/wp-content\/uploads\/2023\/07\/nomdomaine-site-hebergement.png","type":"image\/png"}],"twitter_card":"summary_large_image","twitter_misc":{"Dur\u00e9e de lecture estim\u00e9e":"1 minute"},"schema":{"@context":"https:\/\/schema.org","@graph":[{"@type":"WebPage","@id":"https:\/\/www.kynova.com\/v2-agence\/nom-de-domaine-et-hebergement\/","url":"https:\/\/www.kynova.com\/v2-agence\/nom-de-domaine-et-hebergement\/","name":"Nom de domaine et h\u00e9bergement - Kynova","isPartOf":{"@id":"https:\/\/www.kynova.com\/v2-agence\/#website"},"primaryImageOfPage":{"@id":"https:\/\/www.kynova.com\/v2-agence\/nom-de-domaine-et-hebergement\/#primaryimage"},"image":{"@id":"https:\/\/www.kynova.com\/v2-agence\/nom-de-domaine-et-hebergement\/#primaryimage"},"thumbnailUrl":"https:\/\/www.kynova.com\/v2-agence\/wp-content\/uploads\/2023\/07\/nomdomaine-site-hebergement.png","datePublished":"2023-07-28T13:46:04+00:00","dateModified":"2023-07-28T13:51:13+00:00","breadcrumb":{"@id":"https:\/\/www.kynova.com\/v2-agence\/nom-de-domaine-et-hebergement\/#breadcrumb"},"inLanguage":"fr-FR","potentialAction":[{"@type":"ReadAction","target":["https:\/\/www.kynova.com\/v2-agence\/nom-de-domaine-et-hebergement\/"]}]},{"@type":"ImageObject","inLanguage":"fr-FR","@id":"https:\/\/www.kynova.com\/v2-agence\/nom-de-domaine-et-hebergement\/#primaryimage","url":"https:\/\/www.kynova.com\/v2-agence\/wp-content\/uploads\/2023\/07\/nomdomaine-site-hebergement.png","contentUrl":"https:\/\/www.kynova.com\/v2-agence\/wp-content\/uploads\/2023\/07\/nomdomaine-site-hebergement.png","width":2122,"height":1491},{"@type":"BreadcrumbList","@id":"https:\/\/www.kynova.com\/v2-agence\/nom-de-domaine-et-hebergement\/#breadcrumb","itemListElement":[{"@type":"ListItem","position":1,"name":"Accueil","item":"https:\/\/www.kynova.com\/v2-agence\/"},{"@type":"ListItem","position":2,"name":"Nom de domaine et h\u00e9bergement"}]},{"@type":"WebSite","@id":"https:\/\/www.kynova.com\/v2-agence\/#website","url":"https:\/\/www.kynova.com\/v2-agence\/","name":"Kynova","description":"Agence de communication et d\u00e9veloppement","publisher":{"@id":"https:\/\/www.kynova.com\/v2-agence\/#organization"},"potentialAction":[{"@type":"SearchAction","target":{"@type":"EntryPoint","urlTemplate":"https:\/\/www.kynova.com\/v2-agence\/?s={search_term_string}"},"query-input":{"@type":"PropertyValueSpecification","valueRequired":true,"valueName":"search_term_string"}}],"inLanguage":"fr-FR"},{"@type":"Organization","@id":"https:\/\/www.kynova.com\/v2-agence\/#organization","name":"Kynova","url":"https:\/\/www.kynova.com\/v2-agence\/","logo":{"@type":"ImageObject","inLanguage":"fr-FR","@id":"https:\/\/www.kynova.com\/v2-agence\/#\/schema\/logo\/image\/","url":"https:\/\/www.kynova.com\/v2-agence\/wp-content\/uploads\/2015\/05\/logo-Kynova.png","contentUrl":"https:\/\/www.kynova.com\/v2-agence\/wp-content\/uploads\/2015\/05\/logo-Kynova.png","width":349,"height":183,"caption":"Kynova"},"image":{"@id":"https:\/\/www.kynova.com\/v2-agence\/#\/schema\/logo\/image\/"}}]}},"_links":{"self":[{"href":"https:\/\/www.kynova.com\/v2-agence\/wp-json\/wp\/v2\/pages\/881","targetHints":{"allow":["GET"]}}],"collection":[{"href":"https:\/\/www.kynova.com\/v2-agence\/wp-json\/wp\/v2\/pages"}],"about":[{"href":"https:\/\/www.kynova.com\/v2-agence\/wp-json\/wp\/v2\/types\/page"}],"author":[{"embeddable":true,"href":"https:\/\/www.kynova.com\/v2-agence\/wp-json\/wp\/v2\/users\/2"}],"replies":[{"embeddable":true,"href":"https:\/\/www.kynova.com\/v2-agence\/wp-json\/wp\/v2\/comments?post=881"}],"version-history":[{"count":2,"href":"https:\/\/www.kynova.com\/v2-agence\/wp-json\/wp\/v2\/pages\/881\/revisions"}],"predecessor-version":[{"id":899,"href":"https:\/\/www.kynova.com\/v2-agence\/wp-json\/wp\/v2\/pages\/881\/revisions\/899"}],"wp:featuredmedia":[{"embeddable":true,"href":"https:\/\/www.kynova.com\/v2-agence\/wp-json\/wp\/v2\/media\/884"}],"wp:attachment":[{"href":"https:\/\/www.kynova.com\/v2-agence\/wp-json\/wp\/v2\/media?parent=881"}],"curies":[{"name":"wp","href":"https:\/\/api.w.org\/{rel}","templated":true}]}}