{"id":880,"date":"2023-07-28T14:45:49","date_gmt":"2023-07-28T13:45:49","guid":{"rendered":"https:\/\/www.kynova.com\/v2-agence\/?page_id=880"},"modified":"2023-07-28T14:51:39","modified_gmt":"2023-07-28T13:51:39","slug":"creation-graphique-et-design-de-site-internet","status":"publish","type":"page","link":"https:\/\/www.kynova.com\/v2-agence\/creation-graphique-et-design-de-site-internet\/","title":{"rendered":"Cr\u00e9ation graphique et design de site internet"},"content":{"rendered":"\n<p>Un site internet repose sur le contenu et l\u2019identit\u00e9 visuelle d\u2019une entreprise. C\u2019est pour cela qu\u2019il est important qu\u2019il les refl\u00e8te le plus fid\u00e8lement possible. Un visuel de site internet soign\u00e9 et attractif attire plus de visiteurs, il est le premier lien de communication entre la soci\u00e9t\u00e9 et la client\u00e8le, et le plus important. En effet, un site internet transmet l\u2019identit\u00e9 d\u2019une entreprise, ses valeurs, ses produits et services et s\u2019adresse directement aux clients et potentiels clients.<br><br><\/p>\n\n\n\n<p>Kynova \u00e9labore des sites internet en s\u00e9lectionnant les \u00e9l\u00e9ments visuels, les polices de caract\u00e8res, les couleurs, le design, la mise en page, l\u2019ergonomie\u2026 qui correspondent le mieux \u00e0 l\u2019image et aux objectifs de chaque entreprise.<br><br><\/p>\n\n\n\n<p>Kynova s\u2019occupe de la mise en \u0153uvre de vos id\u00e9es jusqu\u2019\u00e0 leur r\u00e9alisation. Nous vous proposons des services cr\u00e9atifs adapt\u00e9s \u00e0 vos besoins. Le travail de cr\u00e9ation graphique s\u2019appuie sur la charte graphique de l\u2019entreprise. La charte graphique d\u00e9finit les r\u00e8gles d\u2019usage de vos couleurs, polices de caract\u00e8res, images et logos dans les supports de communication de l\u2019entreprise.<br><br><\/p>\n\n\n\n<p>Kynova permet de rendre l\u2019exp\u00e9rience de navigation de l\u2019utilisateur la plus agr\u00e9able et intuitive possible. Pour cela, notre \u00e9quipe se charge de concevoir des sites internet avec une ergonomie facile et adaptable, car ils sont plus simple \u00e0 utiliser et avec un acc\u00e8s rapide au contenu. Un bon design de site internet peut \u00e9galement contribuer \u00e0 am\u00e9liorer la conversion, c\u2019est-\u00e0-dire au taux de visiteurs qui effectuent une action souhait\u00e9e (achat, validation de formulaire\u2026).<br><br><\/p>\n\n\n\n<p>Aussi, nos \u00e9quipes sp\u00e9cialis\u00e9es dans la conception de site internet, s\u2019occupe du responsive design de votre site, pour que votre site s\u2019adapte \u00e0 la taille et \u00e0 la r\u00e9solution de l\u2019\u00e9cran de l\u2019utilisateur, qu\u2019il agisse d\u2019un ordinateur de bureau, d\u2019une tablette ou d\u2019un smartphone. Ainsi, les utilisateurs peuvent acc\u00e9der aux sites web, depuis n\u2019importe quel appareil avec une exp\u00e9rience de navigation optimale.<\/p>\n","protected":false},"excerpt":{"rendered":"<p>Un site internet repose sur le contenu et l\u2019identit\u00e9 visuelle d\u2019une entreprise. C\u2019est pour cela qu\u2019il est important qu\u2019il les refl\u00e8te le plus fid\u00e8lement possible. Un visuel de site internet soign\u00e9 et attractif attire plus de visiteurs, il est le premier lien de communication entre la soci\u00e9t\u00e9 et la client\u00e8le, et le plus important. En [&hellip;]<\/p>\n","protected":false},"author":2,"featured_media":883,"parent":0,"menu_order":0,"comment_status":"closed","ping_status":"closed","template":"creation-site-sous-menu.php","meta":{"_acf_changed":false,"footnotes":""},"class_list":["post-880","page","type-page","status-publish","has-post-thumbnail","hentry"],"acf":[],"yoast_head":"<!-- This site is optimized with the Yoast SEO plugin v26.6 - https:\/\/yoast.com\/wordpress\/plugins\/seo\/ -->\n<title>Cr\u00e9ation graphique et design de site internet - Kynova<\/title>\n<meta name=\"robots\" content=\"index, follow, max-snippet:-1, max-image-preview:large, max-video-preview:-1\" \/>\n<link rel=\"canonical\" href=\"https:\/\/www.kynova.com\/v2-agence\/creation-graphique-et-design-de-site-internet\/\" \/>\n<meta property=\"og:locale\" content=\"fr_FR\" \/>\n<meta property=\"og:type\" content=\"article\" \/>\n<meta property=\"og:title\" content=\"Cr\u00e9ation graphique et design de site internet - Kynova\" \/>\n<meta property=\"og:description\" content=\"Un site internet repose sur le contenu et l\u2019identit\u00e9 visuelle d\u2019une entreprise. C\u2019est pour cela qu\u2019il est important qu\u2019il les refl\u00e8te le plus fid\u00e8lement possible. Un visuel de site internet soign\u00e9 et attractif attire plus de visiteurs, il est le premier lien de communication entre la soci\u00e9t\u00e9 et la client\u00e8le, et le plus important. En [&hellip;]\" \/>\n<meta property=\"og:url\" content=\"https:\/\/www.kynova.com\/v2-agence\/creation-graphique-et-design-de-site-internet\/\" \/>\n<meta property=\"og:site_name\" content=\"Kynova\" \/>\n<meta property=\"article:modified_time\" content=\"2023-07-28T13:51:39+00:00\" \/>\n<meta property=\"og:image\" content=\"https:\/\/www.kynova.com\/v2-agence\/wp-content\/uploads\/2023\/07\/creation-site-design-01.png\" \/>\n\t<meta property=\"og:image:width\" content=\"4763\" \/>\n\t<meta property=\"og:image:height\" content=\"2983\" \/>\n\t<meta property=\"og:image:type\" content=\"image\/png\" \/>\n<meta name=\"twitter:card\" content=\"summary_large_image\" \/>\n<meta name=\"twitter:label1\" content=\"Dur\u00e9e de lecture estim\u00e9e\" \/>\n\t<meta name=\"twitter:data1\" content=\"2 minutes\" \/>\n<script type=\"application\/ld+json\" class=\"yoast-schema-graph\">{\"@context\":\"https:\/\/schema.org\",\"@graph\":[{\"@type\":\"WebPage\",\"@id\":\"https:\/\/www.kynova.com\/v2-agence\/creation-graphique-et-design-de-site-internet\/\",\"url\":\"https:\/\/www.kynova.com\/v2-agence\/creation-graphique-et-design-de-site-internet\/\",\"name\":\"Cr\u00e9ation graphique et design de site internet - Kynova\",\"isPartOf\":{\"@id\":\"https:\/\/www.kynova.com\/v2-agence\/#website\"},\"primaryImageOfPage\":{\"@id\":\"https:\/\/www.kynova.com\/v2-agence\/creation-graphique-et-design-de-site-internet\/#primaryimage\"},\"image\":{\"@id\":\"https:\/\/www.kynova.com\/v2-agence\/creation-graphique-et-design-de-site-internet\/#primaryimage\"},\"thumbnailUrl\":\"https:\/\/www.kynova.com\/v2-agence\/wp-content\/uploads\/2023\/07\/creation-site-design-01.png\",\"datePublished\":\"2023-07-28T13:45:49+00:00\",\"dateModified\":\"2023-07-28T13:51:39+00:00\",\"breadcrumb\":{\"@id\":\"https:\/\/www.kynova.com\/v2-agence\/creation-graphique-et-design-de-site-internet\/#breadcrumb\"},\"inLanguage\":\"fr-FR\",\"potentialAction\":[{\"@type\":\"ReadAction\",\"target\":[\"https:\/\/www.kynova.com\/v2-agence\/creation-graphique-et-design-de-site-internet\/\"]}]},{\"@type\":\"ImageObject\",\"inLanguage\":\"fr-FR\",\"@id\":\"https:\/\/www.kynova.com\/v2-agence\/creation-graphique-et-design-de-site-internet\/#primaryimage\",\"url\":\"https:\/\/www.kynova.com\/v2-agence\/wp-content\/uploads\/2023\/07\/creation-site-design-01.png\",\"contentUrl\":\"https:\/\/www.kynova.com\/v2-agence\/wp-content\/uploads\/2023\/07\/creation-site-design-01.png\",\"width\":4763,\"height\":2983},{\"@type\":\"BreadcrumbList\",\"@id\":\"https:\/\/www.kynova.com\/v2-agence\/creation-graphique-et-design-de-site-internet\/#breadcrumb\",\"itemListElement\":[{\"@type\":\"ListItem\",\"position\":1,\"name\":\"Accueil\",\"item\":\"https:\/\/www.kynova.com\/v2-agence\/\"},{\"@type\":\"ListItem\",\"position\":2,\"name\":\"Cr\u00e9ation graphique et design de site internet\"}]},{\"@type\":\"WebSite\",\"@id\":\"https:\/\/www.kynova.com\/v2-agence\/#website\",\"url\":\"https:\/\/www.kynova.com\/v2-agence\/\",\"name\":\"Kynova\",\"description\":\"Agence de communication et d\u00e9veloppement\",\"publisher\":{\"@id\":\"https:\/\/www.kynova.com\/v2-agence\/#organization\"},\"potentialAction\":[{\"@type\":\"SearchAction\",\"target\":{\"@type\":\"EntryPoint\",\"urlTemplate\":\"https:\/\/www.kynova.com\/v2-agence\/?s={search_term_string}\"},\"query-input\":{\"@type\":\"PropertyValueSpecification\",\"valueRequired\":true,\"valueName\":\"search_term_string\"}}],\"inLanguage\":\"fr-FR\"},{\"@type\":\"Organization\",\"@id\":\"https:\/\/www.kynova.com\/v2-agence\/#organization\",\"name\":\"Kynova\",\"url\":\"https:\/\/www.kynova.com\/v2-agence\/\",\"logo\":{\"@type\":\"ImageObject\",\"inLanguage\":\"fr-FR\",\"@id\":\"https:\/\/www.kynova.com\/v2-agence\/#\/schema\/logo\/image\/\",\"url\":\"https:\/\/www.kynova.com\/v2-agence\/wp-content\/uploads\/2015\/05\/logo-Kynova.png\",\"contentUrl\":\"https:\/\/www.kynova.com\/v2-agence\/wp-content\/uploads\/2015\/05\/logo-Kynova.png\",\"width\":349,\"height\":183,\"caption\":\"Kynova\"},\"image\":{\"@id\":\"https:\/\/www.kynova.com\/v2-agence\/#\/schema\/logo\/image\/\"}}]}<\/script>\n<!-- \/ Yoast SEO plugin. -->","yoast_head_json":{"title":"Cr\u00e9ation graphique et design de site internet - Kynova","robots":{"index":"index","follow":"follow","max-snippet":"max-snippet:-1","max-image-preview":"max-image-preview:large","max-video-preview":"max-video-preview:-1"},"canonical":"https:\/\/www.kynova.com\/v2-agence\/creation-graphique-et-design-de-site-internet\/","og_locale":"fr_FR","og_type":"article","og_title":"Cr\u00e9ation graphique et design de site internet - Kynova","og_description":"Un site internet repose sur le contenu et l\u2019identit\u00e9 visuelle d\u2019une entreprise. C\u2019est pour cela qu\u2019il est important qu\u2019il les refl\u00e8te le plus fid\u00e8lement possible. Un visuel de site internet soign\u00e9 et attractif attire plus de visiteurs, il est le premier lien de communication entre la soci\u00e9t\u00e9 et la client\u00e8le, et le plus important. En [&hellip;]","og_url":"https:\/\/www.kynova.com\/v2-agence\/creation-graphique-et-design-de-site-internet\/","og_site_name":"Kynova","article_modified_time":"2023-07-28T13:51:39+00:00","og_image":[{"width":4763,"height":2983,"url":"https:\/\/www.kynova.com\/v2-agence\/wp-content\/uploads\/2023\/07\/creation-site-design-01.png","type":"image\/png"}],"twitter_card":"summary_large_image","twitter_misc":{"Dur\u00e9e de lecture estim\u00e9e":"2 minutes"},"schema":{"@context":"https:\/\/schema.org","@graph":[{"@type":"WebPage","@id":"https:\/\/www.kynova.com\/v2-agence\/creation-graphique-et-design-de-site-internet\/","url":"https:\/\/www.kynova.com\/v2-agence\/creation-graphique-et-design-de-site-internet\/","name":"Cr\u00e9ation graphique et design de site internet - Kynova","isPartOf":{"@id":"https:\/\/www.kynova.com\/v2-agence\/#website"},"primaryImageOfPage":{"@id":"https:\/\/www.kynova.com\/v2-agence\/creation-graphique-et-design-de-site-internet\/#primaryimage"},"image":{"@id":"https:\/\/www.kynova.com\/v2-agence\/creation-graphique-et-design-de-site-internet\/#primaryimage"},"thumbnailUrl":"https:\/\/www.kynova.com\/v2-agence\/wp-content\/uploads\/2023\/07\/creation-site-design-01.png","datePublished":"2023-07-28T13:45:49+00:00","dateModified":"2023-07-28T13:51:39+00:00","breadcrumb":{"@id":"https:\/\/www.kynova.com\/v2-agence\/creation-graphique-et-design-de-site-internet\/#breadcrumb"},"inLanguage":"fr-FR","potentialAction":[{"@type":"ReadAction","target":["https:\/\/www.kynova.com\/v2-agence\/creation-graphique-et-design-de-site-internet\/"]}]},{"@type":"ImageObject","inLanguage":"fr-FR","@id":"https:\/\/www.kynova.com\/v2-agence\/creation-graphique-et-design-de-site-internet\/#primaryimage","url":"https:\/\/www.kynova.com\/v2-agence\/wp-content\/uploads\/2023\/07\/creation-site-design-01.png","contentUrl":"https:\/\/www.kynova.com\/v2-agence\/wp-content\/uploads\/2023\/07\/creation-site-design-01.png","width":4763,"height":2983},{"@type":"BreadcrumbList","@id":"https:\/\/www.kynova.com\/v2-agence\/creation-graphique-et-design-de-site-internet\/#breadcrumb","itemListElement":[{"@type":"ListItem","position":1,"name":"Accueil","item":"https:\/\/www.kynova.com\/v2-agence\/"},{"@type":"ListItem","position":2,"name":"Cr\u00e9ation graphique et design de site internet"}]},{"@type":"WebSite","@id":"https:\/\/www.kynova.com\/v2-agence\/#website","url":"https:\/\/www.kynova.com\/v2-agence\/","name":"Kynova","description":"Agence de communication et d\u00e9veloppement","publisher":{"@id":"https:\/\/www.kynova.com\/v2-agence\/#organization"},"potentialAction":[{"@type":"SearchAction","target":{"@type":"EntryPoint","urlTemplate":"https:\/\/www.kynova.com\/v2-agence\/?s={search_term_string}"},"query-input":{"@type":"PropertyValueSpecification","valueRequired":true,"valueName":"search_term_string"}}],"inLanguage":"fr-FR"},{"@type":"Organization","@id":"https:\/\/www.kynova.com\/v2-agence\/#organization","name":"Kynova","url":"https:\/\/www.kynova.com\/v2-agence\/","logo":{"@type":"ImageObject","inLanguage":"fr-FR","@id":"https:\/\/www.kynova.com\/v2-agence\/#\/schema\/logo\/image\/","url":"https:\/\/www.kynova.com\/v2-agence\/wp-content\/uploads\/2015\/05\/logo-Kynova.png","contentUrl":"https:\/\/www.kynova.com\/v2-agence\/wp-content\/uploads\/2015\/05\/logo-Kynova.png","width":349,"height":183,"caption":"Kynova"},"image":{"@id":"https:\/\/www.kynova.com\/v2-agence\/#\/schema\/logo\/image\/"}}]}},"_links":{"self":[{"href":"https:\/\/www.kynova.com\/v2-agence\/wp-json\/wp\/v2\/pages\/880","targetHints":{"allow":["GET"]}}],"collection":[{"href":"https:\/\/www.kynova.com\/v2-agence\/wp-json\/wp\/v2\/pages"}],"about":[{"href":"https:\/\/www.kynova.com\/v2-agence\/wp-json\/wp\/v2\/types\/page"}],"author":[{"embeddable":true,"href":"https:\/\/www.kynova.com\/v2-agence\/wp-json\/wp\/v2\/users\/2"}],"replies":[{"embeddable":true,"href":"https:\/\/www.kynova.com\/v2-agence\/wp-json\/wp\/v2\/comments?post=880"}],"version-history":[{"count":2,"href":"https:\/\/www.kynova.com\/v2-agence\/wp-json\/wp\/v2\/pages\/880\/revisions"}],"predecessor-version":[{"id":900,"href":"https:\/\/www.kynova.com\/v2-agence\/wp-json\/wp\/v2\/pages\/880\/revisions\/900"}],"wp:featuredmedia":[{"embeddable":true,"href":"https:\/\/www.kynova.com\/v2-agence\/wp-json\/wp\/v2\/media\/883"}],"wp:attachment":[{"href":"https:\/\/www.kynova.com\/v2-agence\/wp-json\/wp\/v2\/media?parent=880"}],"curies":[{"name":"wp","href":"https:\/\/api.w.org\/{rel}","templated":true}]}}