{"id":843,"date":"2023-06-23T12:58:20","date_gmt":"2023-06-23T11:58:20","guid":{"rendered":"https:\/\/www.kynova.com\/v2-agence\/?page_id=843"},"modified":"2023-06-23T13:00:12","modified_gmt":"2023-06-23T12:00:12","slug":"vos-avis","status":"publish","type":"page","link":"https:\/\/www.kynova.com\/v2-agence\/vos-avis\/","title":{"rendered":"Vos avis"},"content":{"rendered":"\n<div class=\"vos_avis\" style=\"text-align:center;\">\n<h2><strong>Votre avis nous int\u00e9resse!<\/strong><\/h2>\n<br>\n<p>Nous avons collabor\u00e9 ensemble? Vous aimez nos diff\u00e9rents projets?<\/p>\n<br><br>\n<p>Laissez-nous un avis<\/p>\n<button type=\"button\"><a href=\"https:\/\/g.page\/r\/CUV94aB0XwVBEAI\/review\" style=\"text-decoration:none;\">Google<\/a><\/button>\n<br><br>\n<p>Sur mobile ? <strong>Flashez<\/strong><\/p>\n<img decoding=\"async\" src=\"https:\/\/www.kynova.com\/v2-agence\/wp-content\/uploads\/2023\/06\/qrcode-avisgoogle-kynova.png\" alt=\"QR code: Leave us your opinion\" style=\"width:150px;padding:0\">\n<\/div>\n","protected":false},"excerpt":{"rendered":"<p>Votre avis nous int\u00e9resse! Nous avons collabor\u00e9 ensemble? Vous aimez nos diff\u00e9rents projets? Laissez-nous un avis Google Sur mobile ? Flashez<\/p>\n","protected":false},"author":2,"featured_media":0,"parent":0,"menu_order":0,"comment_status":"closed","ping_status":"closed","template":"","meta":{"_acf_changed":false,"footnotes":""},"class_list":["post-843","page","type-page","status-publish","hentry"],"acf":[],"yoast_head":"<!-- This site is optimized with the Yoast SEO plugin v26.6 - https:\/\/yoast.com\/wordpress\/plugins\/seo\/ -->\n<title>Vos avis - Kynova<\/title>\n<meta name=\"robots\" content=\"index, follow, max-snippet:-1, max-image-preview:large, max-video-preview:-1\" \/>\n<link rel=\"canonical\" href=\"https:\/\/www.kynova.com\/v2-agence\/vos-avis\/\" \/>\n<meta property=\"og:locale\" content=\"fr_FR\" \/>\n<meta property=\"og:type\" content=\"article\" \/>\n<meta property=\"og:title\" content=\"Vos avis - Kynova\" \/>\n<meta property=\"og:description\" content=\"Votre avis nous int\u00e9resse! Nous avons collabor\u00e9 ensemble? Vous aimez nos diff\u00e9rents projets? Laissez-nous un avis Google Sur mobile ? Flashez\" \/>\n<meta property=\"og:url\" content=\"https:\/\/www.kynova.com\/v2-agence\/vos-avis\/\" \/>\n<meta property=\"og:site_name\" content=\"Kynova\" \/>\n<meta property=\"article:modified_time\" content=\"2023-06-23T12:00:12+00:00\" \/>\n<meta property=\"og:image\" content=\"https:\/\/www.kynova.com\/v2-agence\/wp-content\/uploads\/2023\/06\/qrcode-avisgoogle-kynova.png\" \/>\n<meta name=\"twitter:card\" content=\"summary_large_image\" \/>\n<meta name=\"twitter:label1\" content=\"Dur\u00e9e de lecture estim\u00e9e\" \/>\n\t<meta name=\"twitter:data1\" content=\"1 minute\" \/>\n<script type=\"application\/ld+json\" class=\"yoast-schema-graph\">{\"@context\":\"https:\/\/schema.org\",\"@graph\":[{\"@type\":\"WebPage\",\"@id\":\"https:\/\/www.kynova.com\/v2-agence\/vos-avis\/\",\"url\":\"https:\/\/www.kynova.com\/v2-agence\/vos-avis\/\",\"name\":\"Vos avis - Kynova\",\"isPartOf\":{\"@id\":\"https:\/\/www.kynova.com\/v2-agence\/#website\"},\"primaryImageOfPage\":{\"@id\":\"https:\/\/www.kynova.com\/v2-agence\/vos-avis\/#primaryimage\"},\"image\":{\"@id\":\"https:\/\/www.kynova.com\/v2-agence\/vos-avis\/#primaryimage\"},\"thumbnailUrl\":\"https:\/\/www.kynova.com\/v2-agence\/wp-content\/uploads\/2023\/06\/qrcode-avisgoogle-kynova.png\",\"datePublished\":\"2023-06-23T11:58:20+00:00\",\"dateModified\":\"2023-06-23T12:00:12+00:00\",\"breadcrumb\":{\"@id\":\"https:\/\/www.kynova.com\/v2-agence\/vos-avis\/#breadcrumb\"},\"inLanguage\":\"fr-FR\",\"potentialAction\":[{\"@type\":\"ReadAction\",\"target\":[\"https:\/\/www.kynova.com\/v2-agence\/vos-avis\/\"]}]},{\"@type\":\"ImageObject\",\"inLanguage\":\"fr-FR\",\"@id\":\"https:\/\/www.kynova.com\/v2-agence\/vos-avis\/#primaryimage\",\"url\":\"https:\/\/www.kynova.com\/v2-agence\/wp-content\/uploads\/2023\/06\/qrcode-avisgoogle-kynova.png\",\"contentUrl\":\"https:\/\/www.kynova.com\/v2-agence\/wp-content\/uploads\/2023\/06\/qrcode-avisgoogle-kynova.png\",\"width\":300,\"height\":300},{\"@type\":\"BreadcrumbList\",\"@id\":\"https:\/\/www.kynova.com\/v2-agence\/vos-avis\/#breadcrumb\",\"itemListElement\":[{\"@type\":\"ListItem\",\"position\":1,\"name\":\"Accueil\",\"item\":\"https:\/\/www.kynova.com\/v2-agence\/\"},{\"@type\":\"ListItem\",\"position\":2,\"name\":\"Vos avis\"}]},{\"@type\":\"WebSite\",\"@id\":\"https:\/\/www.kynova.com\/v2-agence\/#website\",\"url\":\"https:\/\/www.kynova.com\/v2-agence\/\",\"name\":\"Kynova\",\"description\":\"Agence de communication et d\u00e9veloppement\",\"publisher\":{\"@id\":\"https:\/\/www.kynova.com\/v2-agence\/#organization\"},\"potentialAction\":[{\"@type\":\"SearchAction\",\"target\":{\"@type\":\"EntryPoint\",\"urlTemplate\":\"https:\/\/www.kynova.com\/v2-agence\/?s={search_term_string}\"},\"query-input\":{\"@type\":\"PropertyValueSpecification\",\"valueRequired\":true,\"valueName\":\"search_term_string\"}}],\"inLanguage\":\"fr-FR\"},{\"@type\":\"Organization\",\"@id\":\"https:\/\/www.kynova.com\/v2-agence\/#organization\",\"name\":\"Kynova\",\"url\":\"https:\/\/www.kynova.com\/v2-agence\/\",\"logo\":{\"@type\":\"ImageObject\",\"inLanguage\":\"fr-FR\",\"@id\":\"https:\/\/www.kynova.com\/v2-agence\/#\/schema\/logo\/image\/\",\"url\":\"https:\/\/www.kynova.com\/v2-agence\/wp-content\/uploads\/2015\/05\/logo-Kynova.png\",\"contentUrl\":\"https:\/\/www.kynova.com\/v2-agence\/wp-content\/uploads\/2015\/05\/logo-Kynova.png\",\"width\":349,\"height\":183,\"caption\":\"Kynova\"},\"image\":{\"@id\":\"https:\/\/www.kynova.com\/v2-agence\/#\/schema\/logo\/image\/\"}}]}<\/script>\n<!-- \/ Yoast SEO plugin. -->","yoast_head_json":{"title":"Vos avis - Kynova","robots":{"index":"index","follow":"follow","max-snippet":"max-snippet:-1","max-image-preview":"max-image-preview:large","max-video-preview":"max-video-preview:-1"},"canonical":"https:\/\/www.kynova.com\/v2-agence\/vos-avis\/","og_locale":"fr_FR","og_type":"article","og_title":"Vos avis - Kynova","og_description":"Votre avis nous int\u00e9resse! Nous avons collabor\u00e9 ensemble? Vous aimez nos diff\u00e9rents projets? Laissez-nous un avis Google Sur mobile ? Flashez","og_url":"https:\/\/www.kynova.com\/v2-agence\/vos-avis\/","og_site_name":"Kynova","article_modified_time":"2023-06-23T12:00:12+00:00","og_image":[{"url":"https:\/\/www.kynova.com\/v2-agence\/wp-content\/uploads\/2023\/06\/qrcode-avisgoogle-kynova.png","type":"","width":"","height":""}],"twitter_card":"summary_large_image","twitter_misc":{"Dur\u00e9e de lecture estim\u00e9e":"1 minute"},"schema":{"@context":"https:\/\/schema.org","@graph":[{"@type":"WebPage","@id":"https:\/\/www.kynova.com\/v2-agence\/vos-avis\/","url":"https:\/\/www.kynova.com\/v2-agence\/vos-avis\/","name":"Vos avis - Kynova","isPartOf":{"@id":"https:\/\/www.kynova.com\/v2-agence\/#website"},"primaryImageOfPage":{"@id":"https:\/\/www.kynova.com\/v2-agence\/vos-avis\/#primaryimage"},"image":{"@id":"https:\/\/www.kynova.com\/v2-agence\/vos-avis\/#primaryimage"},"thumbnailUrl":"https:\/\/www.kynova.com\/v2-agence\/wp-content\/uploads\/2023\/06\/qrcode-avisgoogle-kynova.png","datePublished":"2023-06-23T11:58:20+00:00","dateModified":"2023-06-23T12:00:12+00:00","breadcrumb":{"@id":"https:\/\/www.kynova.com\/v2-agence\/vos-avis\/#breadcrumb"},"inLanguage":"fr-FR","potentialAction":[{"@type":"ReadAction","target":["https:\/\/www.kynova.com\/v2-agence\/vos-avis\/"]}]},{"@type":"ImageObject","inLanguage":"fr-FR","@id":"https:\/\/www.kynova.com\/v2-agence\/vos-avis\/#primaryimage","url":"https:\/\/www.kynova.com\/v2-agence\/wp-content\/uploads\/2023\/06\/qrcode-avisgoogle-kynova.png","contentUrl":"https:\/\/www.kynova.com\/v2-agence\/wp-content\/uploads\/2023\/06\/qrcode-avisgoogle-kynova.png","width":300,"height":300},{"@type":"BreadcrumbList","@id":"https:\/\/www.kynova.com\/v2-agence\/vos-avis\/#breadcrumb","itemListElement":[{"@type":"ListItem","position":1,"name":"Accueil","item":"https:\/\/www.kynova.com\/v2-agence\/"},{"@type":"ListItem","position":2,"name":"Vos avis"}]},{"@type":"WebSite","@id":"https:\/\/www.kynova.com\/v2-agence\/#website","url":"https:\/\/www.kynova.com\/v2-agence\/","name":"Kynova","description":"Agence de communication et d\u00e9veloppement","publisher":{"@id":"https:\/\/www.kynova.com\/v2-agence\/#organization"},"potentialAction":[{"@type":"SearchAction","target":{"@type":"EntryPoint","urlTemplate":"https:\/\/www.kynova.com\/v2-agence\/?s={search_term_string}"},"query-input":{"@type":"PropertyValueSpecification","valueRequired":true,"valueName":"search_term_string"}}],"inLanguage":"fr-FR"},{"@type":"Organization","@id":"https:\/\/www.kynova.com\/v2-agence\/#organization","name":"Kynova","url":"https:\/\/www.kynova.com\/v2-agence\/","logo":{"@type":"ImageObject","inLanguage":"fr-FR","@id":"https:\/\/www.kynova.com\/v2-agence\/#\/schema\/logo\/image\/","url":"https:\/\/www.kynova.com\/v2-agence\/wp-content\/uploads\/2015\/05\/logo-Kynova.png","contentUrl":"https:\/\/www.kynova.com\/v2-agence\/wp-content\/uploads\/2015\/05\/logo-Kynova.png","width":349,"height":183,"caption":"Kynova"},"image":{"@id":"https:\/\/www.kynova.com\/v2-agence\/#\/schema\/logo\/image\/"}}]}},"_links":{"self":[{"href":"https:\/\/www.kynova.com\/v2-agence\/wp-json\/wp\/v2\/pages\/843","targetHints":{"allow":["GET"]}}],"collection":[{"href":"https:\/\/www.kynova.com\/v2-agence\/wp-json\/wp\/v2\/pages"}],"about":[{"href":"https:\/\/www.kynova.com\/v2-agence\/wp-json\/wp\/v2\/types\/page"}],"author":[{"embeddable":true,"href":"https:\/\/www.kynova.com\/v2-agence\/wp-json\/wp\/v2\/users\/2"}],"replies":[{"embeddable":true,"href":"https:\/\/www.kynova.com\/v2-agence\/wp-json\/wp\/v2\/comments?post=843"}],"version-history":[{"count":3,"href":"https:\/\/www.kynova.com\/v2-agence\/wp-json\/wp\/v2\/pages\/843\/revisions"}],"predecessor-version":[{"id":847,"href":"https:\/\/www.kynova.com\/v2-agence\/wp-json\/wp\/v2\/pages\/843\/revisions\/847"}],"wp:attachment":[{"href":"https:\/\/www.kynova.com\/v2-agence\/wp-json\/wp\/v2\/media?parent=843"}],"curies":[{"name":"wp","href":"https:\/\/api.w.org\/{rel}","templated":true}]}}