{"id":70,"date":"2015-12-29T16:47:00","date_gmt":"2015-12-29T15:47:00","guid":{"rendered":"http:\/\/www.kynova.com\/v2-agence\/?page_id=70"},"modified":"2018-02-06T12:59:21","modified_gmt":"2018-02-06T11:59:21","slug":"communication-creation-strategie","status":"publish","type":"page","link":"https:\/\/www.kynova.com\/v2-agence\/communication-creation-strategie\/","title":{"rendered":"Communication, Cr\u00e9ation &#038; Strat\u00e9gie"},"content":{"rendered":"<p>L&rsquo;agence de communication Kynova est sp\u00e9cialis\u00e9e dans la cr\u00e9ation de site internet, la conception de supports de communication visuelle ainsi que dans le d\u00e9veloppement de solutions applicatives : applications traditionnelles, applications mobiles &amp; applications web.<\/p>\n<h2><span style=\"color: #008080;\"><strong>Cr\u00e9ation de site internet :<br \/>\nComment r\u00e9ussir son projet de site internet ?<\/strong><\/span><\/h2>\n<p>Un site internet doit correspondre \u00e0 votre image, mais aussi \u00e0 vos besoins. Nous vous proposons diff\u00e9rentes solutions standardis\u00e9es ou sur-mesure. Nous \u00e9tudions vos besoins et mettons en \u0153uvre la r\u00e9alisation de votre site internet. Mais avoir un site internet n&rsquo;est qu&rsquo;un d\u00e9but et nous vous accompagnons dans sa promotion et son r\u00e9f\u00e9rencement afin de rendre votre site internet efficace : augmentation de votre notori\u00e9t\u00e9, apporteur de chiffre d&rsquo;affaire, acc\u00e9l\u00e9rateur de ventes, &#8230;<\/p>\n<p>Notre mission est de vous accompagner dans la r\u00e9alisation votre projet digital et d&rsquo;en optimiser l&rsquo;impact sur votre activit\u00e9. Pr\u00e9sentez-nous votre projet, nous \u00e9tudierons ensemble la solution de cr\u00e9ation de site internet qui vous correspond.<\/p>\n<div id=\"devis-internet\">\n<div class=\"ak-container2\"><a class=\"action-btn\" href=\"http:\/\/www.kynova.com\/v2-agence\/devis-site-internet\/index.php\">Demander un devis : Cr\u00e9ation de site internet<\/a><\/div>\n<\/div>\n<h2><span style=\"color: #008080;\"><strong>Conception de supports de communication :<br \/>\nDe la cr\u00e9ation \u00e0 l&rsquo;impression !<\/strong><\/span><\/h2>\n<p>D\u00e9pliants, brochures, flyers, supports de communication petit ou grand format, nous vous accompagnons dans la recherche de votre identit\u00e9 visuelle ou dans l&rsquo;\u00e9laboration de documents professionnels fid\u00e8les \u00e0 votre image. Kynova est une agence de communication capable de vous accompagner \u00e0 tous les stades de la r\u00e9alisation de vos supports de communication. Faites appel \u00e0 notre esprit cr\u00e9atif !<\/p>\n<h2><span style=\"color: #008080;\"><strong>Applications professionnelles :<br \/>\nComment optimiser votre activit\u00e9 et gagner en notori\u00e9t\u00e9 en d\u00e9veloppant vos propres applications traditionnelles, web ou mobiles ?<\/strong><\/span><\/h2>\n<p>Les applications sont pr\u00e9sentes sous toutes les formes. Sur ordinateur, tablette ou smartphone, chaque application r\u00e9pond \u00e0 un besoin pr\u00e9cis. Kynova d\u00e9veloppe des applications professionnelles utiles pour vos collaborateurs ou pour vos clients. Selon la probl\u00e9matique ou le besoin exprim\u00e9, notre \u00e9quipe peut d\u00e9velopper une application qui atteindra les objectifs fix\u00e9s : fid\u00e9liser la client\u00e8le, organiser le temps de travail des collaborateurs, faciliter la facturation, g\u00e9rer une liste de prospects, superviser l&rsquo;activit\u00e9 de l&rsquo;entreprise, d\u00e9velopper ou promouvoir l&rsquo;entreprise sur le num\u00e9rique&#8230; Autant d&rsquo;objectifs que de challenges \u00e0 relever pour nos d\u00e9veloppeurs !<\/p>\n","protected":false},"excerpt":{"rendered":"<p>L&rsquo;agence de communication Kynova est sp\u00e9cialis\u00e9e dans la cr\u00e9ation de site internet, la conception de supports de communication visuelle ainsi que dans le d\u00e9veloppement de solutions applicatives : applications traditionnelles, applications mobiles &amp; applications web. Cr\u00e9ation de site internet : Comment r\u00e9ussir son projet de site internet ? Un site internet doit correspondre \u00e0 votre [&hellip;]<\/p>\n","protected":false},"author":1,"featured_media":0,"parent":0,"menu_order":0,"comment_status":"closed","ping_status":"closed","template":"","meta":{"_acf_changed":false,"footnotes":""},"class_list":["post-70","page","type-page","status-publish","hentry"],"acf":[],"yoast_head":"<!-- This site is optimized with the Yoast SEO plugin v26.6 - https:\/\/yoast.com\/wordpress\/plugins\/seo\/ -->\n<title>Communication, Cr\u00e9ation &amp; Strat\u00e9gie - Kynova<\/title>\n<meta name=\"robots\" content=\"index, follow, max-snippet:-1, max-image-preview:large, max-video-preview:-1\" \/>\n<link rel=\"canonical\" href=\"https:\/\/www.kynova.com\/v2-agence\/communication-creation-strategie\/\" \/>\n<meta property=\"og:locale\" content=\"fr_FR\" \/>\n<meta property=\"og:type\" content=\"article\" \/>\n<meta property=\"og:title\" content=\"Communication, Cr\u00e9ation &amp; Strat\u00e9gie - Kynova\" \/>\n<meta property=\"og:description\" content=\"L&rsquo;agence de communication Kynova est sp\u00e9cialis\u00e9e dans la cr\u00e9ation de site internet, la conception de supports de communication visuelle ainsi que dans le d\u00e9veloppement de solutions applicatives : applications traditionnelles, applications mobiles &amp; applications web. Cr\u00e9ation de site internet : Comment r\u00e9ussir son projet de site internet ? Un site internet doit correspondre \u00e0 votre [&hellip;]\" \/>\n<meta property=\"og:url\" content=\"https:\/\/www.kynova.com\/v2-agence\/communication-creation-strategie\/\" \/>\n<meta property=\"og:site_name\" content=\"Kynova\" \/>\n<meta property=\"article:modified_time\" content=\"2018-02-06T11:59:21+00:00\" \/>\n<meta name=\"twitter:card\" content=\"summary_large_image\" \/>\n<meta name=\"twitter:label1\" content=\"Dur\u00e9e de lecture estim\u00e9e\" \/>\n\t<meta name=\"twitter:data1\" content=\"2 minutes\" \/>\n<script type=\"application\/ld+json\" class=\"yoast-schema-graph\">{\"@context\":\"https:\/\/schema.org\",\"@graph\":[{\"@type\":\"WebPage\",\"@id\":\"https:\/\/www.kynova.com\/v2-agence\/communication-creation-strategie\/\",\"url\":\"https:\/\/www.kynova.com\/v2-agence\/communication-creation-strategie\/\",\"name\":\"Communication, Cr\u00e9ation & Strat\u00e9gie - Kynova\",\"isPartOf\":{\"@id\":\"https:\/\/www.kynova.com\/v2-agence\/#website\"},\"datePublished\":\"2015-12-29T15:47:00+00:00\",\"dateModified\":\"2018-02-06T11:59:21+00:00\",\"breadcrumb\":{\"@id\":\"https:\/\/www.kynova.com\/v2-agence\/communication-creation-strategie\/#breadcrumb\"},\"inLanguage\":\"fr-FR\",\"potentialAction\":[{\"@type\":\"ReadAction\",\"target\":[\"https:\/\/www.kynova.com\/v2-agence\/communication-creation-strategie\/\"]}]},{\"@type\":\"BreadcrumbList\",\"@id\":\"https:\/\/www.kynova.com\/v2-agence\/communication-creation-strategie\/#breadcrumb\",\"itemListElement\":[{\"@type\":\"ListItem\",\"position\":1,\"name\":\"Accueil\",\"item\":\"https:\/\/www.kynova.com\/v2-agence\/\"},{\"@type\":\"ListItem\",\"position\":2,\"name\":\"Communication, Cr\u00e9ation &#038; Strat\u00e9gie\"}]},{\"@type\":\"WebSite\",\"@id\":\"https:\/\/www.kynova.com\/v2-agence\/#website\",\"url\":\"https:\/\/www.kynova.com\/v2-agence\/\",\"name\":\"Kynova\",\"description\":\"Agence de communication et d\u00e9veloppement\",\"publisher\":{\"@id\":\"https:\/\/www.kynova.com\/v2-agence\/#organization\"},\"potentialAction\":[{\"@type\":\"SearchAction\",\"target\":{\"@type\":\"EntryPoint\",\"urlTemplate\":\"https:\/\/www.kynova.com\/v2-agence\/?s={search_term_string}\"},\"query-input\":{\"@type\":\"PropertyValueSpecification\",\"valueRequired\":true,\"valueName\":\"search_term_string\"}}],\"inLanguage\":\"fr-FR\"},{\"@type\":\"Organization\",\"@id\":\"https:\/\/www.kynova.com\/v2-agence\/#organization\",\"name\":\"Kynova\",\"url\":\"https:\/\/www.kynova.com\/v2-agence\/\",\"logo\":{\"@type\":\"ImageObject\",\"inLanguage\":\"fr-FR\",\"@id\":\"https:\/\/www.kynova.com\/v2-agence\/#\/schema\/logo\/image\/\",\"url\":\"https:\/\/www.kynova.com\/v2-agence\/wp-content\/uploads\/2015\/05\/logo-Kynova.png\",\"contentUrl\":\"https:\/\/www.kynova.com\/v2-agence\/wp-content\/uploads\/2015\/05\/logo-Kynova.png\",\"width\":349,\"height\":183,\"caption\":\"Kynova\"},\"image\":{\"@id\":\"https:\/\/www.kynova.com\/v2-agence\/#\/schema\/logo\/image\/\"}}]}<\/script>\n<!-- \/ Yoast SEO plugin. -->","yoast_head_json":{"title":"Communication, Cr\u00e9ation & Strat\u00e9gie - Kynova","robots":{"index":"index","follow":"follow","max-snippet":"max-snippet:-1","max-image-preview":"max-image-preview:large","max-video-preview":"max-video-preview:-1"},"canonical":"https:\/\/www.kynova.com\/v2-agence\/communication-creation-strategie\/","og_locale":"fr_FR","og_type":"article","og_title":"Communication, Cr\u00e9ation & Strat\u00e9gie - Kynova","og_description":"L&rsquo;agence de communication Kynova est sp\u00e9cialis\u00e9e dans la cr\u00e9ation de site internet, la conception de supports de communication visuelle ainsi que dans le d\u00e9veloppement de solutions applicatives : applications traditionnelles, applications mobiles &amp; applications web. Cr\u00e9ation de site internet : Comment r\u00e9ussir son projet de site internet ? Un site internet doit correspondre \u00e0 votre [&hellip;]","og_url":"https:\/\/www.kynova.com\/v2-agence\/communication-creation-strategie\/","og_site_name":"Kynova","article_modified_time":"2018-02-06T11:59:21+00:00","twitter_card":"summary_large_image","twitter_misc":{"Dur\u00e9e de lecture estim\u00e9e":"2 minutes"},"schema":{"@context":"https:\/\/schema.org","@graph":[{"@type":"WebPage","@id":"https:\/\/www.kynova.com\/v2-agence\/communication-creation-strategie\/","url":"https:\/\/www.kynova.com\/v2-agence\/communication-creation-strategie\/","name":"Communication, Cr\u00e9ation & Strat\u00e9gie - Kynova","isPartOf":{"@id":"https:\/\/www.kynova.com\/v2-agence\/#website"},"datePublished":"2015-12-29T15:47:00+00:00","dateModified":"2018-02-06T11:59:21+00:00","breadcrumb":{"@id":"https:\/\/www.kynova.com\/v2-agence\/communication-creation-strategie\/#breadcrumb"},"inLanguage":"fr-FR","potentialAction":[{"@type":"ReadAction","target":["https:\/\/www.kynova.com\/v2-agence\/communication-creation-strategie\/"]}]},{"@type":"BreadcrumbList","@id":"https:\/\/www.kynova.com\/v2-agence\/communication-creation-strategie\/#breadcrumb","itemListElement":[{"@type":"ListItem","position":1,"name":"Accueil","item":"https:\/\/www.kynova.com\/v2-agence\/"},{"@type":"ListItem","position":2,"name":"Communication, Cr\u00e9ation &#038; Strat\u00e9gie"}]},{"@type":"WebSite","@id":"https:\/\/www.kynova.com\/v2-agence\/#website","url":"https:\/\/www.kynova.com\/v2-agence\/","name":"Kynova","description":"Agence de communication et d\u00e9veloppement","publisher":{"@id":"https:\/\/www.kynova.com\/v2-agence\/#organization"},"potentialAction":[{"@type":"SearchAction","target":{"@type":"EntryPoint","urlTemplate":"https:\/\/www.kynova.com\/v2-agence\/?s={search_term_string}"},"query-input":{"@type":"PropertyValueSpecification","valueRequired":true,"valueName":"search_term_string"}}],"inLanguage":"fr-FR"},{"@type":"Organization","@id":"https:\/\/www.kynova.com\/v2-agence\/#organization","name":"Kynova","url":"https:\/\/www.kynova.com\/v2-agence\/","logo":{"@type":"ImageObject","inLanguage":"fr-FR","@id":"https:\/\/www.kynova.com\/v2-agence\/#\/schema\/logo\/image\/","url":"https:\/\/www.kynova.com\/v2-agence\/wp-content\/uploads\/2015\/05\/logo-Kynova.png","contentUrl":"https:\/\/www.kynova.com\/v2-agence\/wp-content\/uploads\/2015\/05\/logo-Kynova.png","width":349,"height":183,"caption":"Kynova"},"image":{"@id":"https:\/\/www.kynova.com\/v2-agence\/#\/schema\/logo\/image\/"}}]}},"_links":{"self":[{"href":"https:\/\/www.kynova.com\/v2-agence\/wp-json\/wp\/v2\/pages\/70","targetHints":{"allow":["GET"]}}],"collection":[{"href":"https:\/\/www.kynova.com\/v2-agence\/wp-json\/wp\/v2\/pages"}],"about":[{"href":"https:\/\/www.kynova.com\/v2-agence\/wp-json\/wp\/v2\/types\/page"}],"author":[{"embeddable":true,"href":"https:\/\/www.kynova.com\/v2-agence\/wp-json\/wp\/v2\/users\/1"}],"replies":[{"embeddable":true,"href":"https:\/\/www.kynova.com\/v2-agence\/wp-json\/wp\/v2\/comments?post=70"}],"version-history":[{"count":9,"href":"https:\/\/www.kynova.com\/v2-agence\/wp-json\/wp\/v2\/pages\/70\/revisions"}],"predecessor-version":[{"id":300,"href":"https:\/\/www.kynova.com\/v2-agence\/wp-json\/wp\/v2\/pages\/70\/revisions\/300"}],"wp:attachment":[{"href":"https:\/\/www.kynova.com\/v2-agence\/wp-json\/wp\/v2\/media?parent=70"}],"curies":[{"name":"wp","href":"https:\/\/api.w.org\/{rel}","templated":true}]}}