{"id":151,"date":"2016-01-08T16:24:26","date_gmt":"2016-01-08T15:24:26","guid":{"rendered":"http:\/\/www.kynova.com\/v2-agence\/?page_id=151"},"modified":"2024-12-09T11:46:38","modified_gmt":"2024-12-09T10:46:38","slug":"application-metiers-web-mobile-developpez-productivite","status":"publish","type":"page","link":"https:\/\/www.kynova.com\/v2-agence\/application-metiers-web-mobile-developpez-productivite\/","title":{"rendered":"Application m\u00e9tiers, web et mobile. D\u00e9veloppez votre productivit\u00e9 !"},"content":{"rendered":"<div class=\"img-interne\"><img decoding=\"async\" class=\"logo-top-mobile-other\" src=\"https:\/\/kynova.com\/v2-agence\/wp-content\/uploads\/illus\/secteurdintervention.png\" alt=\"secteur intervention\" \/><\/div>\n<div class=\"contact-us\">\n<div class=\"box-titre-other\">\n<div class=\"box-border-other\">\u00a0<\/div>\n<h2 class=\"titre-partie-other\">D\u00e9veloppement d&rsquo;applications windows, web et mobiles professionnelles.<\/h2>\n<p class=\"texte-partie-other\">Vous avez un projet, une id\u00e9e ? Nos d\u00e9veloppeurs et chef de projet vous guident vers la r\u00e9alisation de votre application professionnelle.<\/p>\n<p>ERP, CRM, MARKETING, EXPLOITATION, PRODUCTION, MANAGEMENT,&#8230; Toutes les applications naissent d&rsquo;une id\u00e9e ou d&rsquo;un besoin. Fa\u00eetes-nous part des v\u00f4tres et nous r\u00e9aliserons l&rsquo;application qui vous convient.<\/p>\n<\/div>\n<\/div>\n\n\n<div class=\"bandeaux\">\n    <div class=\"gauche\">\n        <h2 class=\"titre-bandeau\">\n            \u00c0 propos de Kynova &#8230;\n        <\/h2>\n        <p class=\"text-bandeau\">\n            Kynova est une agence de communication globale aux multiples comp\u00e9tences.\n            Interlocuteur unique id\u00e9al pour mener une strat\u00e9gie de communication ou r\u00e9aliser\n            les supports print et digitaux qui l&rsquo;accompagnent, Kynova s&rsquo;occupe de tous les\n            aspects de votre communication visuelle et digitale.\n            <br><br>\n            Cr\u00e9\u00e9e en 2009, Kynova est fond\u00e9e sur plus de 12 ans d&rsquo;exp\u00e9rience, dans le web et la\n            communication en g\u00e9n\u00e9ral, des membres de son \u00e9quipe.\n            <br><br>\n            Aujourd&rsquo;hui, Kynova maintient une veille technologique permanente, s&rsquo;est entour\u00e9e de\n            partenaires incontournables du web, est inscrite au r\u00e9seau Google Partners et est en\n            cours de certification pour vous assurer la meilleure des prestations.\n            <br><br>\n            <strong>\n                Vous avez un projet ?\n            <\/strong>\n            <br>\n            <strong>\n                Faisons connaissances. Cliquez-ici !\n            <\/strong>\n        <\/p>\n    <\/div>\n    <div class=\"droite\">\n        <h2 class=\"titre-bandeau\">\n            T\u00e9moignages\n        <\/h2>\n        <div class=\"temoignage\">\n            <img decoding=\"async\" src=\"https:\/\/www.kynova.com\/v2-agence\/wp-content\/themes\/accesspress-lite\/images\/icons\/user.png\" alt=\"temoignage-1\" class=\"img-temoignage\">\n            <div>\n                <h3 class=\"titre-temoignage\">\n                    Logo et charte Graphique\n                <\/h3>\n                <p class=\"text-temoignage\">\n                    \u00ab\u00a0La refonte de notre logo et notre identit\u00e9 visuelle ont \u00e9t\u00e9 ex\u00e9cut\u00e9es par l&rsquo;Agence Kynova et cela nous a permis de d\u00e9velopper notre communication autour d&rsquo;une base solide. (94)\u00a0\u00bb\n                <\/p>\n            <\/div>\n        <\/div>\n        <div class=\"temoignage\">\n            <img decoding=\"async\" src=\"https:\/\/www.kynova.com\/v2-agence\/wp-content\/themes\/accesspress-lite\/images\/icons\/user.png\" alt=\"temoignage-1\" class=\"img-temoignage\">\n            <div>\n                <h3 class=\"titre-temoignage\">\n                    Communication visuelle\n                <\/h3>\n                <p class=\"text-temoignage\">\n                    \u00ab\u00a0Nous faisons appel \u00e0 Kynova pour tous nos besoins en mati\u00e8re de communication depuis 2009. Certains supports nous ont permis de nous d\u00e9marquer de la concurrence lorsque cela \u00e9tait n\u00e9cessaire ! (94)\u00a0\u00bb\n                <\/p>\n            <\/div>\n        <\/div>\n        <div class=\"temoignage\">\n            <img decoding=\"async\" src=\"https:\/\/www.kynova.com\/v2-agence\/wp-content\/themes\/accesspress-lite\/images\/icons\/user.png\" alt=\"temoignage-1\" class=\"img-temoignage\">\n            <div>\n                <h3 class=\"titre-temoignage\">\n                Cr\u00e9ation de site internet et r\u00e9f\u00e9rencement\n                <\/h3>\n                <p class=\"text-temoignage\">\n                    \u00ab\u00a0Nous avons \u00e9t\u00e9 tr\u00e8s bien conseill\u00e9 et notre site internet a d\u00e9pass\u00e9 les objectifs que nous nous \u00e9tions fix\u00e9s !\u00a0 (Paris)\u00a0\u00bb\n                <\/p>\n            <\/div>\n        <\/div>\n        <svg class=\"add\" version=\"1.1\" id=\"Capa_1\" xmlns=\"http:\/\/www.w3.org\/2000\/svg\" xmlns:xlink=\"http:\/\/www.w3.org\/1999\/xlink\" x=\"0px\" y=\"0px\" viewBox=\"0 0 490 490\" style=\"enable-background:new 0 0 490 490;\" xml:space=\"preserve\">\n                        <path d=\"M227.8,174.1v53.7h-53.7c-9.5,0-17.2,7.7-17.2,17.2s7.7,17.2,17.2,17.2h53.7v53.7c0,9.5,7.7,17.2,17.2,17.2\n\t\t\t\ts17.1-7.7,17.1-17.2v-53.7h53.7c9.5,0,17.2-7.7,17.2-17.2s-7.7-17.2-17.2-17.2h-53.7v-53.7c0-9.5-7.7-17.2-17.1-17.2\n\t\t\t\tS227.8,164.6,227.8,174.1z\" \/>\n                        <path d=\"M71.7,71.7C25.5,118,0,179.5,0,245s25.5,127,71.8,173.3C118,464.5,179.6,490,245,490s127-25.5,173.3-71.8\n\t\t\t\tC464.5,372,490,310.4,490,245s-25.5-127-71.8-173.3C372,25.5,310.5,0,245,0C179.6,0,118,25.5,71.7,71.7z M455.7,245\n\t\t\t\tc0,56.3-21.9,109.2-61.7,149s-92.7,61.7-149,61.7S135.8,433.8,96,394s-61.7-92.7-61.7-149S56.2,135.8,96,96s92.7-61.7,149-61.7\n\t\t\t\tS354.2,56.2,394,96S455.7,188.7,455.7,245z\" \/>\n\n        <\/svg>\n    <\/div>\n<\/div>\n\n\n\n<div style=\"margin-top: 75px;\">&nbsp;<\/div>\n<div class=\"under-img\">\n<h2 class=\"titre-creation\">Application m\u00e9tiers, web et mobile. D\u00e9veloppez votre productivit\u00e9 !<\/h2>\n<div class=\"text-creation-site\"><p>Nous commercialisons entre autres des applications d\u00e9di\u00e9es \u00e0 ces diff\u00e9rents secteurs d&rsquo;activit\u00e9 : La formation, l&rsquo;accueil, la s\u00e9curit\u00e9, etc&#8230; Vous pouvez consulter quelques exemples d&rsquo;applications pc, d&rsquo;applications web, ou d&rsquo;applications mobiles d\u00e9velopp\u00e9es par nos soins sur <a href=\"www.kynova-developpement.com\">www.kynova-developpement.com<\/a>.<\/p><\/div>\n<div class=\"btn-demande-devis\"><a class=\"btn-demande-devis-link\" href=\"https:\/\/kynova.com\/v2-agence\/contact\"> Contacter nous <\/a><\/div>\n<\/div>\n","protected":false},"excerpt":{"rendered":"<p>\u00a0 D\u00e9veloppement d&rsquo;applications windows, web et mobiles professionnelles. Vous avez un projet, une id\u00e9e ? Nos d\u00e9veloppeurs et chef de projet vous guident vers la r\u00e9alisation de votre application professionnelle. ERP, CRM, MARKETING, EXPLOITATION, PRODUCTION, MANAGEMENT,&#8230; Toutes les applications naissent d&rsquo;une id\u00e9e ou d&rsquo;un besoin. Fa\u00eetes-nous part des v\u00f4tres et nous r\u00e9aliserons l&rsquo;application qui vous [&hellip;]<\/p>\n","protected":false},"author":1,"featured_media":100,"parent":0,"menu_order":0,"comment_status":"closed","ping_status":"closed","template":"","meta":{"_acf_changed":false,"footnotes":""},"class_list":["post-151","page","type-page","status-publish","has-post-thumbnail","hentry"],"acf":[],"yoast_head":"<!-- This site is optimized with the Yoast SEO plugin v26.6 - https:\/\/yoast.com\/wordpress\/plugins\/seo\/ -->\n<title>Application m\u00e9tiers, web et mobile. D\u00e9veloppez votre productivit\u00e9 ! - Kynova<\/title>\n<meta name=\"robots\" content=\"index, follow, max-snippet:-1, max-image-preview:large, max-video-preview:-1\" \/>\n<link rel=\"canonical\" href=\"https:\/\/www.kynova.com\/v2-agence\/application-metiers-web-mobile-developpez-productivite\/\" \/>\n<meta property=\"og:locale\" content=\"fr_FR\" \/>\n<meta property=\"og:type\" content=\"article\" \/>\n<meta property=\"og:title\" content=\"Application m\u00e9tiers, web et mobile. D\u00e9veloppez votre productivit\u00e9 ! - Kynova\" \/>\n<meta property=\"og:description\" content=\"\u00a0 D\u00e9veloppement d&rsquo;applications windows, web et mobiles professionnelles. Vous avez un projet, une id\u00e9e ? Nos d\u00e9veloppeurs et chef de projet vous guident vers la r\u00e9alisation de votre application professionnelle. ERP, CRM, MARKETING, EXPLOITATION, PRODUCTION, MANAGEMENT,&#8230; Toutes les applications naissent d&rsquo;une id\u00e9e ou d&rsquo;un besoin. Fa\u00eetes-nous part des v\u00f4tres et nous r\u00e9aliserons l&rsquo;application qui vous [&hellip;]\" \/>\n<meta property=\"og:url\" content=\"https:\/\/www.kynova.com\/v2-agence\/application-metiers-web-mobile-developpez-productivite\/\" \/>\n<meta property=\"og:site_name\" content=\"Kynova\" \/>\n<meta property=\"article:modified_time\" content=\"2024-12-09T10:46:38+00:00\" \/>\n<meta property=\"og:image\" content=\"https:\/\/www.kynova.com\/v2-agence\/wp-content\/uploads\/2016\/01\/site-web-creation.jpg\" \/>\n\t<meta property=\"og:image:width\" content=\"1500\" \/>\n\t<meta property=\"og:image:height\" content=\"981\" \/>\n\t<meta property=\"og:image:type\" content=\"image\/jpeg\" \/>\n<meta name=\"twitter:card\" content=\"summary_large_image\" \/>\n<meta name=\"twitter:label1\" content=\"Dur\u00e9e de lecture estim\u00e9e\" \/>\n\t<meta name=\"twitter:data1\" content=\"3 minutes\" \/>\n<script type=\"application\/ld+json\" class=\"yoast-schema-graph\">{\"@context\":\"https:\/\/schema.org\",\"@graph\":[{\"@type\":\"WebPage\",\"@id\":\"https:\/\/www.kynova.com\/v2-agence\/application-metiers-web-mobile-developpez-productivite\/\",\"url\":\"https:\/\/www.kynova.com\/v2-agence\/application-metiers-web-mobile-developpez-productivite\/\",\"name\":\"Application m\u00e9tiers, web et mobile. D\u00e9veloppez votre productivit\u00e9 ! - Kynova\",\"isPartOf\":{\"@id\":\"https:\/\/www.kynova.com\/v2-agence\/#website\"},\"primaryImageOfPage\":{\"@id\":\"https:\/\/www.kynova.com\/v2-agence\/application-metiers-web-mobile-developpez-productivite\/#primaryimage\"},\"image\":{\"@id\":\"https:\/\/www.kynova.com\/v2-agence\/application-metiers-web-mobile-developpez-productivite\/#primaryimage\"},\"thumbnailUrl\":\"https:\/\/www.kynova.com\/v2-agence\/wp-content\/uploads\/2016\/01\/site-web-creation.jpg\",\"datePublished\":\"2016-01-08T15:24:26+00:00\",\"dateModified\":\"2024-12-09T10:46:38+00:00\",\"breadcrumb\":{\"@id\":\"https:\/\/www.kynova.com\/v2-agence\/application-metiers-web-mobile-developpez-productivite\/#breadcrumb\"},\"inLanguage\":\"fr-FR\",\"potentialAction\":[{\"@type\":\"ReadAction\",\"target\":[\"https:\/\/www.kynova.com\/v2-agence\/application-metiers-web-mobile-developpez-productivite\/\"]}]},{\"@type\":\"ImageObject\",\"inLanguage\":\"fr-FR\",\"@id\":\"https:\/\/www.kynova.com\/v2-agence\/application-metiers-web-mobile-developpez-productivite\/#primaryimage\",\"url\":\"https:\/\/www.kynova.com\/v2-agence\/wp-content\/uploads\/2016\/01\/site-web-creation.jpg\",\"contentUrl\":\"https:\/\/www.kynova.com\/v2-agence\/wp-content\/uploads\/2016\/01\/site-web-creation.jpg\",\"width\":1500,\"height\":981},{\"@type\":\"BreadcrumbList\",\"@id\":\"https:\/\/www.kynova.com\/v2-agence\/application-metiers-web-mobile-developpez-productivite\/#breadcrumb\",\"itemListElement\":[{\"@type\":\"ListItem\",\"position\":1,\"name\":\"Accueil\",\"item\":\"https:\/\/www.kynova.com\/v2-agence\/\"},{\"@type\":\"ListItem\",\"position\":2,\"name\":\"Application m\u00e9tiers, web et mobile. D\u00e9veloppez votre productivit\u00e9 !\"}]},{\"@type\":\"WebSite\",\"@id\":\"https:\/\/www.kynova.com\/v2-agence\/#website\",\"url\":\"https:\/\/www.kynova.com\/v2-agence\/\",\"name\":\"Kynova\",\"description\":\"Agence de communication et d\u00e9veloppement\",\"publisher\":{\"@id\":\"https:\/\/www.kynova.com\/v2-agence\/#organization\"},\"potentialAction\":[{\"@type\":\"SearchAction\",\"target\":{\"@type\":\"EntryPoint\",\"urlTemplate\":\"https:\/\/www.kynova.com\/v2-agence\/?s={search_term_string}\"},\"query-input\":{\"@type\":\"PropertyValueSpecification\",\"valueRequired\":true,\"valueName\":\"search_term_string\"}}],\"inLanguage\":\"fr-FR\"},{\"@type\":\"Organization\",\"@id\":\"https:\/\/www.kynova.com\/v2-agence\/#organization\",\"name\":\"Kynova\",\"url\":\"https:\/\/www.kynova.com\/v2-agence\/\",\"logo\":{\"@type\":\"ImageObject\",\"inLanguage\":\"fr-FR\",\"@id\":\"https:\/\/www.kynova.com\/v2-agence\/#\/schema\/logo\/image\/\",\"url\":\"https:\/\/www.kynova.com\/v2-agence\/wp-content\/uploads\/2015\/05\/logo-Kynova.png\",\"contentUrl\":\"https:\/\/www.kynova.com\/v2-agence\/wp-content\/uploads\/2015\/05\/logo-Kynova.png\",\"width\":349,\"height\":183,\"caption\":\"Kynova\"},\"image\":{\"@id\":\"https:\/\/www.kynova.com\/v2-agence\/#\/schema\/logo\/image\/\"}}]}<\/script>\n<!-- \/ Yoast SEO plugin. -->","yoast_head_json":{"title":"Application m\u00e9tiers, web et mobile. D\u00e9veloppez votre productivit\u00e9 ! - Kynova","robots":{"index":"index","follow":"follow","max-snippet":"max-snippet:-1","max-image-preview":"max-image-preview:large","max-video-preview":"max-video-preview:-1"},"canonical":"https:\/\/www.kynova.com\/v2-agence\/application-metiers-web-mobile-developpez-productivite\/","og_locale":"fr_FR","og_type":"article","og_title":"Application m\u00e9tiers, web et mobile. D\u00e9veloppez votre productivit\u00e9 ! - Kynova","og_description":"\u00a0 D\u00e9veloppement d&rsquo;applications windows, web et mobiles professionnelles. Vous avez un projet, une id\u00e9e ? Nos d\u00e9veloppeurs et chef de projet vous guident vers la r\u00e9alisation de votre application professionnelle. ERP, CRM, MARKETING, EXPLOITATION, PRODUCTION, MANAGEMENT,&#8230; Toutes les applications naissent d&rsquo;une id\u00e9e ou d&rsquo;un besoin. Fa\u00eetes-nous part des v\u00f4tres et nous r\u00e9aliserons l&rsquo;application qui vous [&hellip;]","og_url":"https:\/\/www.kynova.com\/v2-agence\/application-metiers-web-mobile-developpez-productivite\/","og_site_name":"Kynova","article_modified_time":"2024-12-09T10:46:38+00:00","og_image":[{"width":1500,"height":981,"url":"https:\/\/www.kynova.com\/v2-agence\/wp-content\/uploads\/2016\/01\/site-web-creation.jpg","type":"image\/jpeg"}],"twitter_card":"summary_large_image","twitter_misc":{"Dur\u00e9e de lecture estim\u00e9e":"3 minutes"},"schema":{"@context":"https:\/\/schema.org","@graph":[{"@type":"WebPage","@id":"https:\/\/www.kynova.com\/v2-agence\/application-metiers-web-mobile-developpez-productivite\/","url":"https:\/\/www.kynova.com\/v2-agence\/application-metiers-web-mobile-developpez-productivite\/","name":"Application m\u00e9tiers, web et mobile. D\u00e9veloppez votre productivit\u00e9 ! - Kynova","isPartOf":{"@id":"https:\/\/www.kynova.com\/v2-agence\/#website"},"primaryImageOfPage":{"@id":"https:\/\/www.kynova.com\/v2-agence\/application-metiers-web-mobile-developpez-productivite\/#primaryimage"},"image":{"@id":"https:\/\/www.kynova.com\/v2-agence\/application-metiers-web-mobile-developpez-productivite\/#primaryimage"},"thumbnailUrl":"https:\/\/www.kynova.com\/v2-agence\/wp-content\/uploads\/2016\/01\/site-web-creation.jpg","datePublished":"2016-01-08T15:24:26+00:00","dateModified":"2024-12-09T10:46:38+00:00","breadcrumb":{"@id":"https:\/\/www.kynova.com\/v2-agence\/application-metiers-web-mobile-developpez-productivite\/#breadcrumb"},"inLanguage":"fr-FR","potentialAction":[{"@type":"ReadAction","target":["https:\/\/www.kynova.com\/v2-agence\/application-metiers-web-mobile-developpez-productivite\/"]}]},{"@type":"ImageObject","inLanguage":"fr-FR","@id":"https:\/\/www.kynova.com\/v2-agence\/application-metiers-web-mobile-developpez-productivite\/#primaryimage","url":"https:\/\/www.kynova.com\/v2-agence\/wp-content\/uploads\/2016\/01\/site-web-creation.jpg","contentUrl":"https:\/\/www.kynova.com\/v2-agence\/wp-content\/uploads\/2016\/01\/site-web-creation.jpg","width":1500,"height":981},{"@type":"BreadcrumbList","@id":"https:\/\/www.kynova.com\/v2-agence\/application-metiers-web-mobile-developpez-productivite\/#breadcrumb","itemListElement":[{"@type":"ListItem","position":1,"name":"Accueil","item":"https:\/\/www.kynova.com\/v2-agence\/"},{"@type":"ListItem","position":2,"name":"Application m\u00e9tiers, web et mobile. D\u00e9veloppez votre productivit\u00e9 !"}]},{"@type":"WebSite","@id":"https:\/\/www.kynova.com\/v2-agence\/#website","url":"https:\/\/www.kynova.com\/v2-agence\/","name":"Kynova","description":"Agence de communication et d\u00e9veloppement","publisher":{"@id":"https:\/\/www.kynova.com\/v2-agence\/#organization"},"potentialAction":[{"@type":"SearchAction","target":{"@type":"EntryPoint","urlTemplate":"https:\/\/www.kynova.com\/v2-agence\/?s={search_term_string}"},"query-input":{"@type":"PropertyValueSpecification","valueRequired":true,"valueName":"search_term_string"}}],"inLanguage":"fr-FR"},{"@type":"Organization","@id":"https:\/\/www.kynova.com\/v2-agence\/#organization","name":"Kynova","url":"https:\/\/www.kynova.com\/v2-agence\/","logo":{"@type":"ImageObject","inLanguage":"fr-FR","@id":"https:\/\/www.kynova.com\/v2-agence\/#\/schema\/logo\/image\/","url":"https:\/\/www.kynova.com\/v2-agence\/wp-content\/uploads\/2015\/05\/logo-Kynova.png","contentUrl":"https:\/\/www.kynova.com\/v2-agence\/wp-content\/uploads\/2015\/05\/logo-Kynova.png","width":349,"height":183,"caption":"Kynova"},"image":{"@id":"https:\/\/www.kynova.com\/v2-agence\/#\/schema\/logo\/image\/"}}]}},"_links":{"self":[{"href":"https:\/\/www.kynova.com\/v2-agence\/wp-json\/wp\/v2\/pages\/151","targetHints":{"allow":["GET"]}}],"collection":[{"href":"https:\/\/www.kynova.com\/v2-agence\/wp-json\/wp\/v2\/pages"}],"about":[{"href":"https:\/\/www.kynova.com\/v2-agence\/wp-json\/wp\/v2\/types\/page"}],"author":[{"embeddable":true,"href":"https:\/\/www.kynova.com\/v2-agence\/wp-json\/wp\/v2\/users\/1"}],"replies":[{"embeddable":true,"href":"https:\/\/www.kynova.com\/v2-agence\/wp-json\/wp\/v2\/comments?post=151"}],"version-history":[{"count":15,"href":"https:\/\/www.kynova.com\/v2-agence\/wp-json\/wp\/v2\/pages\/151\/revisions"}],"predecessor-version":[{"id":1181,"href":"https:\/\/www.kynova.com\/v2-agence\/wp-json\/wp\/v2\/pages\/151\/revisions\/1181"}],"wp:featuredmedia":[{"embeddable":true,"href":"https:\/\/www.kynova.com\/v2-agence\/wp-json\/wp\/v2\/media\/100"}],"wp:attachment":[{"href":"https:\/\/www.kynova.com\/v2-agence\/wp-json\/wp\/v2\/media?parent=151"}],"curies":[{"name":"wp","href":"https:\/\/api.w.org\/{rel}","templated":true}]}}