{"id":146,"date":"2016-01-08T15:05:38","date_gmt":"2016-01-08T14:05:38","guid":{"rendered":"http:\/\/www.kynova.com\/v2-agence\/?page_id=146"},"modified":"2024-12-09T11:40:47","modified_gmt":"2024-12-09T10:40:47","slug":"referencement-expertise-strategie-digitale","status":"publish","type":"page","link":"https:\/\/www.kynova.com\/v2-agence\/referencement-expertise-strategie-digitale\/","title":{"rendered":"R\u00e9f\u00e9rencement et expertise en strat\u00e9gie digitale"},"content":{"rendered":"\n<div class=\"wp-block-columns is-layout-flex wp-container-core-columns-is-layout-1 wp-block-columns-is-layout-flex\">\n<div class=\"wp-block-column is-layout-flow wp-block-column-is-layout-flow\" style=\"flex-basis:100%\">\n<div class=\"img-interne\"><img decoding=\"async\" src=\"https:\/\/kynova.com\/v2-agence\/wp-content\/uploads\/illus\/referencement.png\" alt=\"site internet\" class=\"logo-top-mobile-other\"\/><\/div>\n<\/div>\n<\/div>\n\n\n\n<div class=\"contact-us\">\n<div class=\"box-titre-other\">\n<div class=\"box-border-other\">&nbsp;<\/div>\n<h2 class=\"titre-partie-other\">Strat\u00e9gie digitale et r\u00e9f\u00e9rencement, faire grandir votre entreprise en am\u00e9liorant votre visibilit\u00e9 !<\/h2>\n<p class=\"texte-partie-other\">Parce qu&rsquo;un site internet n&rsquo;est utile que s&rsquo;il est consult\u00e9, nous nous effor\u00e7ons de vous proposer des solutions pour dynamiser ce formidable outil de d\u00e9veloppement et de croissance. Il existe des solutions en mati\u00e8re de r\u00e9f\u00e9rencement. Des m\u00e9thodes ou des outils qui sont accessibles \u00e0 tous \u00e0 condition de savoir les utiliser. C&rsquo;est l\u00e0 qu&rsquo;intervient l&rsquo;Agence Kynova, en vous proposant son expertise en strat\u00e9gie internet, en s\u00e9lectionnant les m\u00e9thodes appropri\u00e9es \u00e0 votre activit\u00e9, en ciblant les axes de d\u00e9veloppement et en vous assurant surtout que le \u00ab\u00a0Web Marketing\u00a0\u00bb n&rsquo;est pas seulement l&rsquo;affaire des multinationales.<\/p>\n<\/div>\n<div class=\"box-titre-other\">\n<h2 class=\"titre-partie-other\">SXO\/SEO : le r\u00e9f\u00e9rencement naturel de site internet sur les moteurs de recherche<\/h2>\n<p>Le SEO ou l\u2019am\u00e9lioration du \u00ab&nbsp;r\u00e9f\u00e9rencement naturel&nbsp;\u00bb d\u2019un site internet consiste \u00e0 mettre en \u0153uvre diff\u00e9rentes solutions visant \u00e0 am\u00e9liorer la position de votre site internet dans les pages de r\u00e9sultats des moteurs de recherche. Cela permet d\u2019accro\u00eetre consid\u00e9rablement la visibilit\u00e9 de votre entreprise.<\/p><br><br>\n<p>C\u2019est un aspect important d\u2019un site internet \u00e0 ne pas n\u00e9gliger, car avec un r\u00e9f\u00e9rencement de qualit\u00e9, le site internet de votre entreprise sera plus facilement trouv\u00e9 et attirera donc davantage de visiteurs. Avec une bonne connaissance technique du r\u00e9f\u00e9rencement&nbsp;et un contenu&nbsp;adapt\u00e9, votre site internet sera optimis\u00e9, ainsi ce dernier&nbsp;pourra progresser dans les r\u00e9sultats de Google. Pour obtenir les meilleurs r\u00e9sultats, votre site doit appara\u00eetre&nbsp;id\u00e9alement&nbsp;dans les premiers r\u00e9sultats des moteurs de recherche selon des demandes cibl\u00e9es.<\/p><br><br>\n<p>Le r\u00e9f\u00e9rencement d\u2019un site passe \u00e9galement par le SXO\u2026 Le SXO vise \u00e0 am\u00e9liorer l&rsquo;exp\u00e9rience des utilisateurs lorsqu&rsquo;ils effectuent des recherches en ligne. Il prend en compte \u00e0 la fois les facteurs qui influencent le classement dans les r\u00e9sultats de recherche et les \u00e9l\u00e9ments qui influencent l&rsquo;exp\u00e9rience de l&rsquo;utilisateur une fois qu&rsquo;il arrive sur un site web. Son objectif principal est d&rsquo;offrir une exp\u00e9rience positive et satisfaisante aux utilisateurs d\u00e8s leur arriv\u00e9e sur un site web, en r\u00e9pondant efficacement \u00e0 leurs besoins et intentions de recherche.<\/p><br><br>\n<p>Lorsque le SXO est mis en pratique, il encourage la cr\u00e9ation de contenu informatif. Un contenu de qualit\u00e9 r\u00e9pond aux questions des utilisateurs et les aide \u00e0 trouver rapidement ce qu&rsquo;ils recherchent, ce qui augmente la satisfaction des visiteurs. Le SXO met l&rsquo;accent sur la compr\u00e9hension des besoins et des intentions des utilisateurs. En optimisant votre site pour r\u00e9pondre \u00e0 ces besoins, vous augmentez les chances que les visiteurs trouvent rapidement ce qu&rsquo;ils cherchent, ce qui peut se traduire par un meilleur taux de conversion et une augmentation du temps pass\u00e9 sur le site. Egalement, une navigation intuitive facilite la recherche d&rsquo;informations sur votre site. Les utilisateurs peuvent ainsi acc\u00e9der rapidement aux pages pertinentes sans se sentir perdus, ce qui am\u00e9liore l&rsquo;exp\u00e9rience globale. Le SXO prend en compte la vitesse de chargement du site, car les utilisateurs sont susceptibles de quitter un site qui met trop de temps \u00e0 s&rsquo;afficher. Un temps de chargement rapide contribue \u00e0 r\u00e9duire le taux de rebond et \u00e0 am\u00e9liorer le classement dans les moteurs de recherche. Avec de plus en plus de recherches effectu\u00e9es sur des appareils mobiles, le SXO prend en compte l&rsquo;importance de l&rsquo;adaptation de votre site pour les smartphones et les tablettes. Un site web r\u00e9actif et mobile-friendly offre une meilleure exp\u00e9rience utilisateur et peut aider \u00e0 obtenir un meilleur classement dans les r\u00e9sultats de recherche mobiles.<\/p><br><br>\n<p>En int\u00e9grant la convivialit\u00e9 pour les utilisateurs avec une optimisation appropri\u00e9e pour les moteurs de recherche, vous pouvez cr\u00e9er une exp\u00e9rience en ligne plus agr\u00e9able et efficace pour vos visiteurs, ce qui peut conduire \u00e0 des performances am\u00e9lior\u00e9es pour votre site web dans son ensemble.<\/p><br><br>\n<p>Le r\u00e9f\u00e9rencement peut \u00eatre naturel ou payant. Chaque solution pr\u00e9sente des int\u00e9r\u00eats diff\u00e9rents, mais la finalit\u00e9 reste la m\u00eame&nbsp;: gagner en trafic, en visibilit\u00e9, en notori\u00e9t\u00e9\u2026 Kynova propose des solutions afin d\u2019am\u00e9liorer le r\u00e9f\u00e9rencement de votre site internet tels que l\u2019insertion de mots cl\u00e9s et la valorisation de ces mots-cl\u00e9s importants dans le contenu, l\u2019am\u00e9lioration de l\u2019exp\u00e9rience utilisateur, la gestion des balises SEO, l\u2019optimisation selon les crit\u00e8res de performance essentiels, et bien d\u2019autres principes essentiels afin que votre site puisse gagner en visibilit\u00e9&nbsp;!<br>Contactez Kynova pour&nbsp;\u00e9tudier&nbsp;le r\u00e9f\u00e9rencement de votre site internet,&nbsp;vous b\u00e9n\u00e9ficierez de&nbsp;notre expertise&nbsp;technique, strat\u00e9gique et marketing&nbsp;!<\/p>\n<\/div>\n<\/div>\n\n\n\n<div class=\"bandeaux\">\n<div class=\"gauche\">\n<h2 class=\"titre-bandeau\">\u00c0 propos de Kynova &#8230;<\/h2>\n<p class=\"text-bandeau\">Kynova est une agence de communication globale aux multiples comp\u00e9tences. Interlocuteur unique id\u00e9al pour mener une strat\u00e9gie de communication ou r\u00e9aliser les supports print et digitaux qui l&rsquo;accompagnent, Kynova s&rsquo;occupe de tous les aspects de votre communication visuelle et digitale.<\/p>\n<p class=\"text-bandeau\">Cr\u00e9\u00e9e en 2009, Kynova est fond\u00e9e sur plus de 12 ans d&rsquo;exp\u00e9rience, dans le web et la communication en g\u00e9n\u00e9ral, des membres de son \u00e9quipe. Aujourd&rsquo;hui, Kynova maintient une veille technologique permanente, s&rsquo;est entour\u00e9e de partenaires incontournables du web, est inscrite au r\u00e9seau Google Partners et est en cours de certification pour vous assurer la meilleure des prestations.<\/p>\n<p class=\"text-bandeau\"><strong> Vous avez un projet ? <\/strong><br><strong> Faisons connaissances. Cliquez-ici ! <\/strong><\/p>\n<\/div>\n<div class=\"droite\">\n<h2 class=\"titre-bandeau\">T\u00e9moignages<\/h2>\n<div class=\"temoignage\"><img decoding=\"async\" class=\"img-temoignage\" src=\"https:\/\/www.kynova.com\/v2-agence\/wp-content\/themes\/accesspress-lite\/images\/icons\/user.png\" alt=\"temoignage-1\">\n<p>&nbsp;<\/p>\n<div>\n<h3 class=\"titre-temoignage\">Logo et charte Graphique<\/h3>\n<p class=\"text-temoignage\">\u00ab\u00a0La refonte de notre logo et notre identit\u00e9 visuelle ont \u00e9t\u00e9 ex\u00e9cut\u00e9es par l&rsquo;Agence Kynova et cela nous a permis de d\u00e9velopper notre communication autour d&rsquo;une base solide. (94)\u00a0\u00bb<\/p>\n<\/div>\n<\/div>\n<div class=\"temoignage\"><img decoding=\"async\" class=\"img-temoignage\" src=\"https:\/\/www.kynova.com\/v2-agence\/wp-content\/themes\/accesspress-lite\/images\/icons\/user.png\" alt=\"temoignage-1\">\n<p>&nbsp;<\/p>\n<div>\n<h3 class=\"titre-temoignage\">COMMUNICATION VISUELLE<\/h3>\n<p class=\"text-temoignage\">\u00ab\u00a0Nous faisons appel \u00e0 Kynova pour tous nos besoins en mati\u00e8re de communication depuis 2009. Certains supports nous ont permis de nous d\u00e9marquer de la concurrence lorsque cela \u00e9tait n\u00e9cessaire ! (94)\u00a0\u00bb<\/p>\n<\/div>\n<\/div>\n<div class=\"temoignage\"><img decoding=\"async\" class=\"img-temoignage\" src=\"https:\/\/www.kynova.com\/v2-agence\/wp-content\/themes\/accesspress-lite\/images\/icons\/user.png\" alt=\"temoignage-1\">\n<p>&nbsp;<\/p>\n<div>\n<h3 class=\"titre-temoignage\">CR\u00c9ATION DE SITE INTERNET ET R\u00c9F\u00c9RENCEMENT<\/h3>\n<p class=\"text-temoignage\">\u00ab\u00a0Kynova a su nous accompagner dans la cr\u00e9ation de notre logo et de notre charte graphique. Nous avons \u00e9t\u00e9 tr\u00e8s satisfaits de leur travail et de leur r\u00e9activit\u00e9&#8230;\u00a0\u00bb<\/p>\n<\/div>\n<\/div>\n<\/div>\n<\/div>\n\n\n\n<div style=\"margin-top: 75px;\">&nbsp;<\/div>\n\n\n\n<div class=\"under-img\">\n<h2 class=\"titre-creation\">R\u00e9f\u00e9rencement et expertise en strat\u00e9gie digitale<\/h2>\n<div class=\"text-creation-site\"><p>Qu&rsquo;on se le dise, la recette miracle pour \u00eatre premier dans les moteurs de recherche, sur tous les mots cl\u00e9s souhait\u00e9s, n&rsquo;existe pas. La route est souvent sinueuse pour arriver \u00e0 ses objectifs. Certes, il est possible d&rsquo;\u00eatre premier sur certains mots-cl\u00e9s bien pr\u00e9cis, mais pas toujours ceux qui sont prioritaires. La concurrence est rude sur les moteurs de recherche. Alors, il faut ruser, \u00eatre meilleur que le concurrent, \u00e0 l&rsquo;endroit et au moment opportuns&#8230; Notre \u00e9quipe connait tr\u00e8s bien le jeu des moteurs de recherche et les principes des algorithmes. Nous amenons les visiteurs \u00e0 d\u00e9couvrir votre site et \u00e0 le partager. A cet instant, le r\u00e9f\u00e9rencement du site s&rsquo;active ! Effets de leviers, outils marketing (SEM), optimisation Google, campagne de publicit\u00e9, m\u00e9dia &amp; r\u00e9seaux sociaux, partenariats, tous les moyens sont bons pour atteindre les objectifs fix\u00e9s : convertir des visiteurs en clients !<\/p><p>Le r\u00e9f\u00e9rencement ne doit pas se faire sans objectif, il doit \u00eatre mesur\u00e9 gr\u00e2ce \u00e0 des outils d&rsquo;analyse pr\u00e9cis et ajuster pour obtenir le meilleur retour sur investissement.<\/p><p>Confiez-nous votre strat\u00e9gie digitale pour faire de votre site internet un g\u00e9n\u00e9rateur de chiffre d&rsquo;affaires !<\/p><\/div>\n<div class=\"btn-demande-devis\"><a class=\"btn-demande-devis-link\" href=\"https:\/\/kynova.com\/v2-agence\/contact\"> Contacter nous <\/a><\/div>\n<\/div>\n","protected":false},"excerpt":{"rendered":"<p>&nbsp; Strat\u00e9gie digitale et r\u00e9f\u00e9rencement, faire grandir votre entreprise en am\u00e9liorant votre visibilit\u00e9 ! Parce qu&rsquo;un site internet n&rsquo;est utile que s&rsquo;il est consult\u00e9, nous nous effor\u00e7ons de vous proposer des solutions pour dynamiser ce formidable outil de d\u00e9veloppement et de croissance. Il existe des solutions en mati\u00e8re de r\u00e9f\u00e9rencement. Des m\u00e9thodes ou des outils [&hellip;]<\/p>\n","protected":false},"author":1,"featured_media":100,"parent":0,"menu_order":0,"comment_status":"closed","ping_status":"closed","template":"","meta":{"_acf_changed":false,"footnotes":""},"class_list":["post-146","page","type-page","status-publish","has-post-thumbnail","hentry"],"acf":[],"yoast_head":"<!-- This site is optimized with the Yoast SEO plugin v26.6 - https:\/\/yoast.com\/wordpress\/plugins\/seo\/ -->\n<title>R\u00e9f\u00e9rencement et expertise en strat\u00e9gie digitale - Kynova<\/title>\n<meta name=\"robots\" content=\"index, follow, max-snippet:-1, max-image-preview:large, max-video-preview:-1\" \/>\n<link rel=\"canonical\" href=\"https:\/\/www.kynova.com\/v2-agence\/referencement-expertise-strategie-digitale\/\" \/>\n<meta property=\"og:locale\" content=\"fr_FR\" \/>\n<meta property=\"og:type\" content=\"article\" \/>\n<meta property=\"og:title\" content=\"R\u00e9f\u00e9rencement et expertise en strat\u00e9gie digitale - Kynova\" \/>\n<meta property=\"og:description\" content=\"&nbsp; Strat\u00e9gie digitale et r\u00e9f\u00e9rencement, faire grandir votre entreprise en am\u00e9liorant votre visibilit\u00e9 ! Parce qu&rsquo;un site internet n&rsquo;est utile que s&rsquo;il est consult\u00e9, nous nous effor\u00e7ons de vous proposer des solutions pour dynamiser ce formidable outil de d\u00e9veloppement et de croissance. Il existe des solutions en mati\u00e8re de r\u00e9f\u00e9rencement. Des m\u00e9thodes ou des outils [&hellip;]\" \/>\n<meta property=\"og:url\" content=\"https:\/\/www.kynova.com\/v2-agence\/referencement-expertise-strategie-digitale\/\" \/>\n<meta property=\"og:site_name\" content=\"Kynova\" \/>\n<meta property=\"article:modified_time\" content=\"2024-12-09T10:40:47+00:00\" \/>\n<meta property=\"og:image\" content=\"https:\/\/www.kynova.com\/v2-agence\/wp-content\/uploads\/2016\/01\/site-web-creation.jpg\" \/>\n\t<meta property=\"og:image:width\" content=\"1500\" \/>\n\t<meta property=\"og:image:height\" content=\"981\" \/>\n\t<meta property=\"og:image:type\" content=\"image\/jpeg\" \/>\n<meta name=\"twitter:card\" content=\"summary_large_image\" \/>\n<meta name=\"twitter:label1\" content=\"Dur\u00e9e de lecture estim\u00e9e\" \/>\n\t<meta name=\"twitter:data1\" content=\"7 minutes\" \/>\n<script type=\"application\/ld+json\" class=\"yoast-schema-graph\">{\"@context\":\"https:\/\/schema.org\",\"@graph\":[{\"@type\":\"WebPage\",\"@id\":\"https:\/\/www.kynova.com\/v2-agence\/referencement-expertise-strategie-digitale\/\",\"url\":\"https:\/\/www.kynova.com\/v2-agence\/referencement-expertise-strategie-digitale\/\",\"name\":\"R\u00e9f\u00e9rencement et expertise en strat\u00e9gie digitale - Kynova\",\"isPartOf\":{\"@id\":\"https:\/\/www.kynova.com\/v2-agence\/#website\"},\"primaryImageOfPage\":{\"@id\":\"https:\/\/www.kynova.com\/v2-agence\/referencement-expertise-strategie-digitale\/#primaryimage\"},\"image\":{\"@id\":\"https:\/\/www.kynova.com\/v2-agence\/referencement-expertise-strategie-digitale\/#primaryimage\"},\"thumbnailUrl\":\"https:\/\/www.kynova.com\/v2-agence\/wp-content\/uploads\/2016\/01\/site-web-creation.jpg\",\"datePublished\":\"2016-01-08T14:05:38+00:00\",\"dateModified\":\"2024-12-09T10:40:47+00:00\",\"breadcrumb\":{\"@id\":\"https:\/\/www.kynova.com\/v2-agence\/referencement-expertise-strategie-digitale\/#breadcrumb\"},\"inLanguage\":\"fr-FR\",\"potentialAction\":[{\"@type\":\"ReadAction\",\"target\":[\"https:\/\/www.kynova.com\/v2-agence\/referencement-expertise-strategie-digitale\/\"]}]},{\"@type\":\"ImageObject\",\"inLanguage\":\"fr-FR\",\"@id\":\"https:\/\/www.kynova.com\/v2-agence\/referencement-expertise-strategie-digitale\/#primaryimage\",\"url\":\"https:\/\/www.kynova.com\/v2-agence\/wp-content\/uploads\/2016\/01\/site-web-creation.jpg\",\"contentUrl\":\"https:\/\/www.kynova.com\/v2-agence\/wp-content\/uploads\/2016\/01\/site-web-creation.jpg\",\"width\":1500,\"height\":981},{\"@type\":\"BreadcrumbList\",\"@id\":\"https:\/\/www.kynova.com\/v2-agence\/referencement-expertise-strategie-digitale\/#breadcrumb\",\"itemListElement\":[{\"@type\":\"ListItem\",\"position\":1,\"name\":\"Accueil\",\"item\":\"https:\/\/www.kynova.com\/v2-agence\/\"},{\"@type\":\"ListItem\",\"position\":2,\"name\":\"R\u00e9f\u00e9rencement et expertise en strat\u00e9gie digitale\"}]},{\"@type\":\"WebSite\",\"@id\":\"https:\/\/www.kynova.com\/v2-agence\/#website\",\"url\":\"https:\/\/www.kynova.com\/v2-agence\/\",\"name\":\"Kynova\",\"description\":\"Agence de communication et d\u00e9veloppement\",\"publisher\":{\"@id\":\"https:\/\/www.kynova.com\/v2-agence\/#organization\"},\"potentialAction\":[{\"@type\":\"SearchAction\",\"target\":{\"@type\":\"EntryPoint\",\"urlTemplate\":\"https:\/\/www.kynova.com\/v2-agence\/?s={search_term_string}\"},\"query-input\":{\"@type\":\"PropertyValueSpecification\",\"valueRequired\":true,\"valueName\":\"search_term_string\"}}],\"inLanguage\":\"fr-FR\"},{\"@type\":\"Organization\",\"@id\":\"https:\/\/www.kynova.com\/v2-agence\/#organization\",\"name\":\"Kynova\",\"url\":\"https:\/\/www.kynova.com\/v2-agence\/\",\"logo\":{\"@type\":\"ImageObject\",\"inLanguage\":\"fr-FR\",\"@id\":\"https:\/\/www.kynova.com\/v2-agence\/#\/schema\/logo\/image\/\",\"url\":\"https:\/\/www.kynova.com\/v2-agence\/wp-content\/uploads\/2015\/05\/logo-Kynova.png\",\"contentUrl\":\"https:\/\/www.kynova.com\/v2-agence\/wp-content\/uploads\/2015\/05\/logo-Kynova.png\",\"width\":349,\"height\":183,\"caption\":\"Kynova\"},\"image\":{\"@id\":\"https:\/\/www.kynova.com\/v2-agence\/#\/schema\/logo\/image\/\"}}]}<\/script>\n<!-- \/ Yoast SEO plugin. -->","yoast_head_json":{"title":"R\u00e9f\u00e9rencement et expertise en strat\u00e9gie digitale - Kynova","robots":{"index":"index","follow":"follow","max-snippet":"max-snippet:-1","max-image-preview":"max-image-preview:large","max-video-preview":"max-video-preview:-1"},"canonical":"https:\/\/www.kynova.com\/v2-agence\/referencement-expertise-strategie-digitale\/","og_locale":"fr_FR","og_type":"article","og_title":"R\u00e9f\u00e9rencement et expertise en strat\u00e9gie digitale - Kynova","og_description":"&nbsp; Strat\u00e9gie digitale et r\u00e9f\u00e9rencement, faire grandir votre entreprise en am\u00e9liorant votre visibilit\u00e9 ! Parce qu&rsquo;un site internet n&rsquo;est utile que s&rsquo;il est consult\u00e9, nous nous effor\u00e7ons de vous proposer des solutions pour dynamiser ce formidable outil de d\u00e9veloppement et de croissance. Il existe des solutions en mati\u00e8re de r\u00e9f\u00e9rencement. Des m\u00e9thodes ou des outils [&hellip;]","og_url":"https:\/\/www.kynova.com\/v2-agence\/referencement-expertise-strategie-digitale\/","og_site_name":"Kynova","article_modified_time":"2024-12-09T10:40:47+00:00","og_image":[{"width":1500,"height":981,"url":"https:\/\/www.kynova.com\/v2-agence\/wp-content\/uploads\/2016\/01\/site-web-creation.jpg","type":"image\/jpeg"}],"twitter_card":"summary_large_image","twitter_misc":{"Dur\u00e9e de lecture estim\u00e9e":"7 minutes"},"schema":{"@context":"https:\/\/schema.org","@graph":[{"@type":"WebPage","@id":"https:\/\/www.kynova.com\/v2-agence\/referencement-expertise-strategie-digitale\/","url":"https:\/\/www.kynova.com\/v2-agence\/referencement-expertise-strategie-digitale\/","name":"R\u00e9f\u00e9rencement et expertise en strat\u00e9gie digitale - Kynova","isPartOf":{"@id":"https:\/\/www.kynova.com\/v2-agence\/#website"},"primaryImageOfPage":{"@id":"https:\/\/www.kynova.com\/v2-agence\/referencement-expertise-strategie-digitale\/#primaryimage"},"image":{"@id":"https:\/\/www.kynova.com\/v2-agence\/referencement-expertise-strategie-digitale\/#primaryimage"},"thumbnailUrl":"https:\/\/www.kynova.com\/v2-agence\/wp-content\/uploads\/2016\/01\/site-web-creation.jpg","datePublished":"2016-01-08T14:05:38+00:00","dateModified":"2024-12-09T10:40:47+00:00","breadcrumb":{"@id":"https:\/\/www.kynova.com\/v2-agence\/referencement-expertise-strategie-digitale\/#breadcrumb"},"inLanguage":"fr-FR","potentialAction":[{"@type":"ReadAction","target":["https:\/\/www.kynova.com\/v2-agence\/referencement-expertise-strategie-digitale\/"]}]},{"@type":"ImageObject","inLanguage":"fr-FR","@id":"https:\/\/www.kynova.com\/v2-agence\/referencement-expertise-strategie-digitale\/#primaryimage","url":"https:\/\/www.kynova.com\/v2-agence\/wp-content\/uploads\/2016\/01\/site-web-creation.jpg","contentUrl":"https:\/\/www.kynova.com\/v2-agence\/wp-content\/uploads\/2016\/01\/site-web-creation.jpg","width":1500,"height":981},{"@type":"BreadcrumbList","@id":"https:\/\/www.kynova.com\/v2-agence\/referencement-expertise-strategie-digitale\/#breadcrumb","itemListElement":[{"@type":"ListItem","position":1,"name":"Accueil","item":"https:\/\/www.kynova.com\/v2-agence\/"},{"@type":"ListItem","position":2,"name":"R\u00e9f\u00e9rencement et expertise en strat\u00e9gie digitale"}]},{"@type":"WebSite","@id":"https:\/\/www.kynova.com\/v2-agence\/#website","url":"https:\/\/www.kynova.com\/v2-agence\/","name":"Kynova","description":"Agence de communication et d\u00e9veloppement","publisher":{"@id":"https:\/\/www.kynova.com\/v2-agence\/#organization"},"potentialAction":[{"@type":"SearchAction","target":{"@type":"EntryPoint","urlTemplate":"https:\/\/www.kynova.com\/v2-agence\/?s={search_term_string}"},"query-input":{"@type":"PropertyValueSpecification","valueRequired":true,"valueName":"search_term_string"}}],"inLanguage":"fr-FR"},{"@type":"Organization","@id":"https:\/\/www.kynova.com\/v2-agence\/#organization","name":"Kynova","url":"https:\/\/www.kynova.com\/v2-agence\/","logo":{"@type":"ImageObject","inLanguage":"fr-FR","@id":"https:\/\/www.kynova.com\/v2-agence\/#\/schema\/logo\/image\/","url":"https:\/\/www.kynova.com\/v2-agence\/wp-content\/uploads\/2015\/05\/logo-Kynova.png","contentUrl":"https:\/\/www.kynova.com\/v2-agence\/wp-content\/uploads\/2015\/05\/logo-Kynova.png","width":349,"height":183,"caption":"Kynova"},"image":{"@id":"https:\/\/www.kynova.com\/v2-agence\/#\/schema\/logo\/image\/"}}]}},"_links":{"self":[{"href":"https:\/\/www.kynova.com\/v2-agence\/wp-json\/wp\/v2\/pages\/146","targetHints":{"allow":["GET"]}}],"collection":[{"href":"https:\/\/www.kynova.com\/v2-agence\/wp-json\/wp\/v2\/pages"}],"about":[{"href":"https:\/\/www.kynova.com\/v2-agence\/wp-json\/wp\/v2\/types\/page"}],"author":[{"embeddable":true,"href":"https:\/\/www.kynova.com\/v2-agence\/wp-json\/wp\/v2\/users\/1"}],"replies":[{"embeddable":true,"href":"https:\/\/www.kynova.com\/v2-agence\/wp-json\/wp\/v2\/comments?post=146"}],"version-history":[{"count":33,"href":"https:\/\/www.kynova.com\/v2-agence\/wp-json\/wp\/v2\/pages\/146\/revisions"}],"predecessor-version":[{"id":1180,"href":"https:\/\/www.kynova.com\/v2-agence\/wp-json\/wp\/v2\/pages\/146\/revisions\/1180"}],"wp:featuredmedia":[{"embeddable":true,"href":"https:\/\/www.kynova.com\/v2-agence\/wp-json\/wp\/v2\/media\/100"}],"wp:attachment":[{"href":"https:\/\/www.kynova.com\/v2-agence\/wp-json\/wp\/v2\/media?parent=146"}],"curies":[{"name":"wp","href":"https:\/\/api.w.org\/{rel}","templated":true}]}}