{"id":107,"date":"2016-01-08T10:54:33","date_gmt":"2016-01-08T09:54:33","guid":{"rendered":"http:\/\/www.kynova.com\/v2-agence\/?page_id=107"},"modified":"2023-02-21T14:58:04","modified_gmt":"2023-02-21T13:58:04","slug":"creation-graphique-impression","status":"publish","type":"page","link":"https:\/\/www.kynova.com\/v2-agence\/creation-graphique-impression\/","title":{"rendered":"Cr\u00e9ation \/ Impression"},"content":{"rendered":"<h2><strong>Cr\u00e9ation graphique et impression de plaquette publicitaire<\/strong>, de <strong>brochure commerciale, carte de visite, logo et marque&#8230; Du concept jusqu&rsquo;\u00e0 l&rsquo;impression de vos supports de communication !<br \/>\n<\/strong><\/h2>\n<p>&nbsp;<\/p>\n<div id=\"attachment_82\" style=\"width: 760px\" class=\"wp-caption aligncenter\"><a href=\"http:\/\/www.kynova.com\/v2-agence\/wp-content\/uploads\/2015\/12\/slide-kynova-2.png\" rel=\"attachment wp-att-82\"><img loading=\"lazy\" decoding=\"async\" aria-describedby=\"caption-attachment-82\" class=\"wp-image-82 size-large\" src=\"http:\/\/www.kynova.com\/v2-agence\/wp-content\/uploads\/2015\/12\/slide-kynova-2-1024x261.png\" alt=\"Cr\u00e9ation graphique, faites d\u00e9collez vos id\u00e9es !\" width=\"750\" height=\"191\" srcset=\"https:\/\/www.kynova.com\/v2-agence\/wp-content\/uploads\/2015\/12\/slide-kynova-2-1024x261.png 1024w, https:\/\/www.kynova.com\/v2-agence\/wp-content\/uploads\/2015\/12\/slide-kynova-2-300x76.png 300w, https:\/\/www.kynova.com\/v2-agence\/wp-content\/uploads\/2015\/12\/slide-kynova-2-768x196.png 768w, https:\/\/www.kynova.com\/v2-agence\/wp-content\/uploads\/2015\/12\/slide-kynova-2.png 1264w\" sizes=\"auto, (max-width: 750px) 100vw, 750px\" \/><\/a><p id=\"caption-attachment-82\" class=\"wp-caption-text\">Cr\u00e9ation graphique, faites d\u00e9collez vos id\u00e9es !<\/p><\/div>\n<p>&nbsp;<\/p>\n<p>Vous vous interrogez sur votre <strong>identit\u00e9 visuelle<\/strong>, sur votre <strong>strat\u00e9gie de communication<\/strong>&#8230; Vos outils de communication ne r\u00e9pondent plus \u00e0 vos besoins actuels et vous avez besoin d&rsquo;aide pour concevoir vos outils de communication ou construire votre communication globale ?<\/p>\n<p>Vos <strong>supports de communication<\/strong> doivent r\u00e9pondre \u00e0 des objectifs simples : \u00ab\u00a0Valoriser, informer, convaincre, s\u00e9duire et fid\u00e9liser.\u00a0\u00bb Analyse, r\u00e9daction, conception,&nbsp; <strong>cr\u00e9ation et impression<\/strong> sont les ingr\u00e9dients de base pour des outils de communication r\u00e9ussis. Dans toutes les situations, pour chaque entreprise, il existe un support papier adapt\u00e9 aux objectifs de communication.<\/p>\n<p>Que vous ayez besoin d&rsquo;une <strong>brochure<\/strong>, d&rsquo;un <strong>d\u00e9pliant\/flyer<\/strong>, d&rsquo;une <strong>plaquette commerciale<\/strong>, d&rsquo;une <strong>image de marque<\/strong>, d&rsquo;un <strong>logo<\/strong>, d&rsquo;une&nbsp;cr\u00e9ation graphique ou d&rsquo;une identit\u00e9 visuelle compl\u00e8te, l&rsquo;agence Kynova et son \u00e9quipe vous accompagne dans tous les aspects de votre projet&#8230; De la conception de la charte graphique \u00e0 l&rsquo;impression des documents papier, notre savoir-faire cr\u00e9atif et technique sera l&rsquo;appui id\u00e9al pour obtenir les outils de communication dont vous avez besoin !<\/p>\n<p><strong>Agence de communication globale situ\u00e9e en \u00cele-de-France<\/strong> (pr\u00e8s de Paris) et intervenant sur toute la France, sp\u00e9cialis\u00e9e dans la <strong>communication de l&rsquo;entreprise et la publicit\u00e9<\/strong>, <strong>digitale ou traditionnelle<\/strong>,&nbsp; Kynova propose la conception, la cr\u00e9ation graphique, la <strong>r\u00e9alisation et l&rsquo;impression de supports de communication<\/strong> pour une communication visuelle fid\u00e8le \u00e0 votre image et en accord avec votre cible. Le r\u00f4le de notre agence conseil en communication est de mettre en valeur votre entreprise en vous d\u00e9marquant de la concurrence. Nous vous accompagnons dans la <strong>conception des documents<\/strong> et, au besoin, dans la <strong>r\u00e9daction de texte<\/strong>, avant de cr\u00e9er un support de communication adapt\u00e9 par l&rsquo;association de tous ces <strong>\u00e9l\u00e9ments graphiques et \u00e9ditoriaux<\/strong>.<\/p>\n<p>L&rsquo;identit\u00e9 graphique est un \u00e9l\u00e9ment fondamental de l&rsquo;entreprise, bas\u00e9e avant tout sur un logo qui doit \u00eatre percutant et compr\u00e9hensible du plus grand nombre, qui doit s&rsquo;adapter \u00e0 tous les supports, \u00e0 toutes les tailles et qui doit \u00eatre en phase avec vos valeurs et votre entreprise. Chaque secteur d&rsquo;activit\u00e9 r\u00e9pond \u00e0 ses propres r\u00e8gles. Votre <strong>identit\u00e9 visuelle<\/strong>, votre <strong>charte graphique<\/strong> et votre <strong>logo<\/strong> doivent respecter ses aspects de votre communication. Confiez la r\u00e9alisation de l\u2019ensemble de vos supports \u00e0 Kynova, agence de <strong>conseil en communication<\/strong> et <strong>studio de cr\u00e9ation graphique<\/strong>, afin de garantir le respect total de ces contraintes et la coh\u00e9rence de vos supports de communication : brochure, d\u00e9pliant, flyer, plaquette commerciale, logo&#8230;<\/p>\n<p>L&rsquo;<strong>impression<\/strong> \u00e9tant la concr\u00e9tisation de votre projet, nous assurons la cr\u00e9ation de fichiers normalis\u00e9s et de <strong>haute d\u00e9finition<\/strong> afin de garantir une compatibilit\u00e9 totale avec les diff\u00e9rents proc\u00e9d\u00e9s d&rsquo;impression et de fabrication qui exigent la plus grande rigueur. Nous suivons votre brochure, votre plaquette ou votre flyer <strong>de la cr\u00e9ation \u00e0 l&rsquo;impression<\/strong> !<\/p>\n<blockquote><p>&nbsp;<\/p>\n<p><strong>N&rsquo;h\u00e9sitez pas \u00e0 <a href=\"http:\/\/www.kynova.com\/v2-agence\/contact\/\">nous contacter<\/a> ou \u00e0 demander le <a href=\"http:\/\/www.kynova.com\/v2-agence\/demande-de-rappel\/\">rappel d&rsquo;un conseiller<\/a> afin d&rsquo;\u00e9tudier vos besoins en communication ou en impression.<\/strong><\/p><\/blockquote>\n<p>&nbsp;<\/p>\n","protected":false},"excerpt":{"rendered":"<p>Cr\u00e9ation graphique et impression de plaquette publicitaire, de brochure commerciale, carte de visite, logo et marque&#8230; Du concept jusqu&rsquo;\u00e0 l&rsquo;impression de vos supports de communication ! &nbsp; &nbsp; Vous vous interrogez sur votre identit\u00e9 visuelle, sur votre strat\u00e9gie de communication&#8230; Vos outils de communication ne r\u00e9pondent plus \u00e0 vos besoins actuels et vous avez besoin [&hellip;]<\/p>\n","protected":false},"author":1,"featured_media":100,"parent":0,"menu_order":0,"comment_status":"closed","ping_status":"closed","template":"creation-impression.php","meta":{"_acf_changed":false,"footnotes":""},"class_list":["post-107","page","type-page","status-publish","has-post-thumbnail","hentry"],"acf":[],"yoast_head":"<!-- This site is optimized with the Yoast SEO plugin v26.6 - https:\/\/yoast.com\/wordpress\/plugins\/seo\/ -->\n<title>Cr\u00e9ation \/ Impression - Kynova<\/title>\n<meta name=\"robots\" content=\"index, follow, max-snippet:-1, max-image-preview:large, max-video-preview:-1\" \/>\n<link rel=\"canonical\" href=\"https:\/\/www.kynova.com\/v2-agence\/creation-graphique-impression\/\" \/>\n<meta property=\"og:locale\" content=\"fr_FR\" \/>\n<meta property=\"og:type\" content=\"article\" \/>\n<meta property=\"og:title\" content=\"Cr\u00e9ation \/ Impression - Kynova\" \/>\n<meta property=\"og:description\" content=\"Cr\u00e9ation graphique et impression de plaquette publicitaire, de brochure commerciale, carte de visite, logo et marque&#8230; Du concept jusqu&rsquo;\u00e0 l&rsquo;impression de vos supports de communication ! &nbsp; &nbsp; Vous vous interrogez sur votre identit\u00e9 visuelle, sur votre strat\u00e9gie de communication&#8230; Vos outils de communication ne r\u00e9pondent plus \u00e0 vos besoins actuels et vous avez besoin [&hellip;]\" \/>\n<meta property=\"og:url\" content=\"https:\/\/www.kynova.com\/v2-agence\/creation-graphique-impression\/\" \/>\n<meta property=\"og:site_name\" content=\"Kynova\" \/>\n<meta property=\"article:modified_time\" content=\"2023-02-21T13:58:04+00:00\" \/>\n<meta property=\"og:image\" content=\"https:\/\/www.kynova.com\/v2-agence\/wp-content\/uploads\/2016\/01\/site-web-creation.jpg\" \/>\n\t<meta property=\"og:image:width\" content=\"1500\" \/>\n\t<meta property=\"og:image:height\" content=\"981\" \/>\n\t<meta property=\"og:image:type\" content=\"image\/jpeg\" \/>\n<meta name=\"twitter:card\" content=\"summary_large_image\" \/>\n<meta name=\"twitter:label1\" content=\"Dur\u00e9e de lecture estim\u00e9e\" \/>\n\t<meta name=\"twitter:data1\" content=\"3 minutes\" \/>\n<script type=\"application\/ld+json\" class=\"yoast-schema-graph\">{\"@context\":\"https:\/\/schema.org\",\"@graph\":[{\"@type\":\"WebPage\",\"@id\":\"https:\/\/www.kynova.com\/v2-agence\/creation-graphique-impression\/\",\"url\":\"https:\/\/www.kynova.com\/v2-agence\/creation-graphique-impression\/\",\"name\":\"Cr\u00e9ation \/ Impression - Kynova\",\"isPartOf\":{\"@id\":\"https:\/\/www.kynova.com\/v2-agence\/#website\"},\"primaryImageOfPage\":{\"@id\":\"https:\/\/www.kynova.com\/v2-agence\/creation-graphique-impression\/#primaryimage\"},\"image\":{\"@id\":\"https:\/\/www.kynova.com\/v2-agence\/creation-graphique-impression\/#primaryimage\"},\"thumbnailUrl\":\"https:\/\/www.kynova.com\/v2-agence\/wp-content\/uploads\/2016\/01\/site-web-creation.jpg\",\"datePublished\":\"2016-01-08T09:54:33+00:00\",\"dateModified\":\"2023-02-21T13:58:04+00:00\",\"breadcrumb\":{\"@id\":\"https:\/\/www.kynova.com\/v2-agence\/creation-graphique-impression\/#breadcrumb\"},\"inLanguage\":\"fr-FR\",\"potentialAction\":[{\"@type\":\"ReadAction\",\"target\":[\"https:\/\/www.kynova.com\/v2-agence\/creation-graphique-impression\/\"]}]},{\"@type\":\"ImageObject\",\"inLanguage\":\"fr-FR\",\"@id\":\"https:\/\/www.kynova.com\/v2-agence\/creation-graphique-impression\/#primaryimage\",\"url\":\"https:\/\/www.kynova.com\/v2-agence\/wp-content\/uploads\/2016\/01\/site-web-creation.jpg\",\"contentUrl\":\"https:\/\/www.kynova.com\/v2-agence\/wp-content\/uploads\/2016\/01\/site-web-creation.jpg\",\"width\":1500,\"height\":981},{\"@type\":\"BreadcrumbList\",\"@id\":\"https:\/\/www.kynova.com\/v2-agence\/creation-graphique-impression\/#breadcrumb\",\"itemListElement\":[{\"@type\":\"ListItem\",\"position\":1,\"name\":\"Accueil\",\"item\":\"https:\/\/www.kynova.com\/v2-agence\/\"},{\"@type\":\"ListItem\",\"position\":2,\"name\":\"Cr\u00e9ation \/ Impression\"}]},{\"@type\":\"WebSite\",\"@id\":\"https:\/\/www.kynova.com\/v2-agence\/#website\",\"url\":\"https:\/\/www.kynova.com\/v2-agence\/\",\"name\":\"Kynova\",\"description\":\"Agence de communication et d\u00e9veloppement\",\"publisher\":{\"@id\":\"https:\/\/www.kynova.com\/v2-agence\/#organization\"},\"potentialAction\":[{\"@type\":\"SearchAction\",\"target\":{\"@type\":\"EntryPoint\",\"urlTemplate\":\"https:\/\/www.kynova.com\/v2-agence\/?s={search_term_string}\"},\"query-input\":{\"@type\":\"PropertyValueSpecification\",\"valueRequired\":true,\"valueName\":\"search_term_string\"}}],\"inLanguage\":\"fr-FR\"},{\"@type\":\"Organization\",\"@id\":\"https:\/\/www.kynova.com\/v2-agence\/#organization\",\"name\":\"Kynova\",\"url\":\"https:\/\/www.kynova.com\/v2-agence\/\",\"logo\":{\"@type\":\"ImageObject\",\"inLanguage\":\"fr-FR\",\"@id\":\"https:\/\/www.kynova.com\/v2-agence\/#\/schema\/logo\/image\/\",\"url\":\"https:\/\/www.kynova.com\/v2-agence\/wp-content\/uploads\/2015\/05\/logo-Kynova.png\",\"contentUrl\":\"https:\/\/www.kynova.com\/v2-agence\/wp-content\/uploads\/2015\/05\/logo-Kynova.png\",\"width\":349,\"height\":183,\"caption\":\"Kynova\"},\"image\":{\"@id\":\"https:\/\/www.kynova.com\/v2-agence\/#\/schema\/logo\/image\/\"}}]}<\/script>\n<!-- \/ Yoast SEO plugin. -->","yoast_head_json":{"title":"Cr\u00e9ation \/ Impression - Kynova","robots":{"index":"index","follow":"follow","max-snippet":"max-snippet:-1","max-image-preview":"max-image-preview:large","max-video-preview":"max-video-preview:-1"},"canonical":"https:\/\/www.kynova.com\/v2-agence\/creation-graphique-impression\/","og_locale":"fr_FR","og_type":"article","og_title":"Cr\u00e9ation \/ Impression - Kynova","og_description":"Cr\u00e9ation graphique et impression de plaquette publicitaire, de brochure commerciale, carte de visite, logo et marque&#8230; Du concept jusqu&rsquo;\u00e0 l&rsquo;impression de vos supports de communication ! &nbsp; &nbsp; Vous vous interrogez sur votre identit\u00e9 visuelle, sur votre strat\u00e9gie de communication&#8230; Vos outils de communication ne r\u00e9pondent plus \u00e0 vos besoins actuels et vous avez besoin [&hellip;]","og_url":"https:\/\/www.kynova.com\/v2-agence\/creation-graphique-impression\/","og_site_name":"Kynova","article_modified_time":"2023-02-21T13:58:04+00:00","og_image":[{"width":1500,"height":981,"url":"https:\/\/www.kynova.com\/v2-agence\/wp-content\/uploads\/2016\/01\/site-web-creation.jpg","type":"image\/jpeg"}],"twitter_card":"summary_large_image","twitter_misc":{"Dur\u00e9e de lecture estim\u00e9e":"3 minutes"},"schema":{"@context":"https:\/\/schema.org","@graph":[{"@type":"WebPage","@id":"https:\/\/www.kynova.com\/v2-agence\/creation-graphique-impression\/","url":"https:\/\/www.kynova.com\/v2-agence\/creation-graphique-impression\/","name":"Cr\u00e9ation \/ Impression - Kynova","isPartOf":{"@id":"https:\/\/www.kynova.com\/v2-agence\/#website"},"primaryImageOfPage":{"@id":"https:\/\/www.kynova.com\/v2-agence\/creation-graphique-impression\/#primaryimage"},"image":{"@id":"https:\/\/www.kynova.com\/v2-agence\/creation-graphique-impression\/#primaryimage"},"thumbnailUrl":"https:\/\/www.kynova.com\/v2-agence\/wp-content\/uploads\/2016\/01\/site-web-creation.jpg","datePublished":"2016-01-08T09:54:33+00:00","dateModified":"2023-02-21T13:58:04+00:00","breadcrumb":{"@id":"https:\/\/www.kynova.com\/v2-agence\/creation-graphique-impression\/#breadcrumb"},"inLanguage":"fr-FR","potentialAction":[{"@type":"ReadAction","target":["https:\/\/www.kynova.com\/v2-agence\/creation-graphique-impression\/"]}]},{"@type":"ImageObject","inLanguage":"fr-FR","@id":"https:\/\/www.kynova.com\/v2-agence\/creation-graphique-impression\/#primaryimage","url":"https:\/\/www.kynova.com\/v2-agence\/wp-content\/uploads\/2016\/01\/site-web-creation.jpg","contentUrl":"https:\/\/www.kynova.com\/v2-agence\/wp-content\/uploads\/2016\/01\/site-web-creation.jpg","width":1500,"height":981},{"@type":"BreadcrumbList","@id":"https:\/\/www.kynova.com\/v2-agence\/creation-graphique-impression\/#breadcrumb","itemListElement":[{"@type":"ListItem","position":1,"name":"Accueil","item":"https:\/\/www.kynova.com\/v2-agence\/"},{"@type":"ListItem","position":2,"name":"Cr\u00e9ation \/ Impression"}]},{"@type":"WebSite","@id":"https:\/\/www.kynova.com\/v2-agence\/#website","url":"https:\/\/www.kynova.com\/v2-agence\/","name":"Kynova","description":"Agence de communication et d\u00e9veloppement","publisher":{"@id":"https:\/\/www.kynova.com\/v2-agence\/#organization"},"potentialAction":[{"@type":"SearchAction","target":{"@type":"EntryPoint","urlTemplate":"https:\/\/www.kynova.com\/v2-agence\/?s={search_term_string}"},"query-input":{"@type":"PropertyValueSpecification","valueRequired":true,"valueName":"search_term_string"}}],"inLanguage":"fr-FR"},{"@type":"Organization","@id":"https:\/\/www.kynova.com\/v2-agence\/#organization","name":"Kynova","url":"https:\/\/www.kynova.com\/v2-agence\/","logo":{"@type":"ImageObject","inLanguage":"fr-FR","@id":"https:\/\/www.kynova.com\/v2-agence\/#\/schema\/logo\/image\/","url":"https:\/\/www.kynova.com\/v2-agence\/wp-content\/uploads\/2015\/05\/logo-Kynova.png","contentUrl":"https:\/\/www.kynova.com\/v2-agence\/wp-content\/uploads\/2015\/05\/logo-Kynova.png","width":349,"height":183,"caption":"Kynova"},"image":{"@id":"https:\/\/www.kynova.com\/v2-agence\/#\/schema\/logo\/image\/"}}]}},"_links":{"self":[{"href":"https:\/\/www.kynova.com\/v2-agence\/wp-json\/wp\/v2\/pages\/107","targetHints":{"allow":["GET"]}}],"collection":[{"href":"https:\/\/www.kynova.com\/v2-agence\/wp-json\/wp\/v2\/pages"}],"about":[{"href":"https:\/\/www.kynova.com\/v2-agence\/wp-json\/wp\/v2\/types\/page"}],"author":[{"embeddable":true,"href":"https:\/\/www.kynova.com\/v2-agence\/wp-json\/wp\/v2\/users\/1"}],"replies":[{"embeddable":true,"href":"https:\/\/www.kynova.com\/v2-agence\/wp-json\/wp\/v2\/comments?post=107"}],"version-history":[{"count":10,"href":"https:\/\/www.kynova.com\/v2-agence\/wp-json\/wp\/v2\/pages\/107\/revisions"}],"predecessor-version":[{"id":608,"href":"https:\/\/www.kynova.com\/v2-agence\/wp-json\/wp\/v2\/pages\/107\/revisions\/608"}],"wp:featuredmedia":[{"embeddable":true,"href":"https:\/\/www.kynova.com\/v2-agence\/wp-json\/wp\/v2\/media\/100"}],"wp:attachment":[{"href":"https:\/\/www.kynova.com\/v2-agence\/wp-json\/wp\/v2\/media?parent=107"}],"curies":[{"name":"wp","href":"https:\/\/api.w.org\/{rel}","templated":true}]}}