{"id":103,"date":"2016-01-07T20:45:38","date_gmt":"2016-01-07T19:45:38","guid":{"rendered":"http:\/\/www.kynova.com\/v2-agence\/?page_id=103"},"modified":"2023-07-04T12:35:31","modified_gmt":"2023-07-04T11:35:31","slug":"creation-de-site-internet","status":"publish","type":"page","link":"https:\/\/www.kynova.com\/v2-agence\/creation-de-site-internet\/","title":{"rendered":"Cr\u00e9ation de site internet"},"content":{"rendered":"<h2><strong>Notre agence est sp\u00e9cialis\u00e9e dans la cr\u00e9ation de site internet d&rsquo;entreprise (PME, TPE, Ind\u00e9pendant) \u00e0 destination des professionnels et du grand public. Nous intervenons dans toutes les \u00e9tapes de la conception : \u00c9tude des besoins, constitution du projet, d\u00e9veloppement, cr\u00e9ation visuelle, mise en ligne, h\u00e9bergement, maintenance et suivi.<\/strong><\/h2>\n<div id=\"attachment_100\" style=\"width: 775px\" class=\"wp-caption aligncenter\"><a href=\"http:\/\/www.kynova.com\/v2-agence\/wp-content\/uploads\/2016\/01\/site-web-creation.jpg\" rel=\"attachment wp-att-100\"><img loading=\"lazy\" decoding=\"async\" aria-describedby=\"caption-attachment-100\" class=\"wp-image-100\" src=\"http:\/\/www.kynova.com\/v2-agence\/wp-content\/uploads\/2016\/01\/site-web-creation-300x196.jpg\" alt=\"Cr\u00e9ation de site internet\" width=\"765\" height=\"500\" srcset=\"https:\/\/www.kynova.com\/v2-agence\/wp-content\/uploads\/2016\/01\/site-web-creation-300x196.jpg 300w, https:\/\/www.kynova.com\/v2-agence\/wp-content\/uploads\/2016\/01\/site-web-creation-768x502.jpg 768w, https:\/\/www.kynova.com\/v2-agence\/wp-content\/uploads\/2016\/01\/site-web-creation-1024x670.jpg 1024w, https:\/\/www.kynova.com\/v2-agence\/wp-content\/uploads\/2016\/01\/site-web-creation.jpg 1500w\" sizes=\"auto, (max-width: 765px) 100vw, 765px\" \/><\/a><p id=\"caption-attachment-100\" class=\"wp-caption-text\">Cr\u00e9ation de site internet multi-plateforme : \u00eatre visible sur smartphone, tablette et ordinateur pour une visibilit\u00e9 accrue !<\/p><\/div>\n<div id=\"devis-internet\">\n<div class=\"ak-container2\"><a class=\"action-btn\" href=\"http:\/\/www.kynova.com\/v2-agence\/devis-site-internet\/index.php\">Demander un devis : Cr\u00e9ation de site internet<\/a><\/div>\n<\/div>\n<p>Avec ces comp\u00e9tences r\u00e9unies, vous obtenez un interlocuteur unique pour la <strong>cr\u00e9ation de votre site internet<\/strong>. Vous choisissez entre diff\u00e9rente formule : sur mesure, CMS, locative,&#8230; Kynova vous propose une \u00e9tude de vos besoins et de vos objectifs, nos graphistes r\u00e9alisent la <strong>maquette visuelle<\/strong> et nos <strong>d\u00e9veloppeurs<\/strong> interviennent dans la mise en ligne et le param\u00e9trage de votre <strong>site internet professionnel<\/strong>.<\/p>\n<p>La <strong>cr\u00e9ation de site internet<\/strong> est une discipline difficile, elle met en \u0153uvre diff\u00e9rentes technologies et doit \u00eatre r\u00e9alis\u00e9e avec une <strong>parfaite connaissance d&rsquo;internet<\/strong> et de son fonctionnement, afin de garantir une bonne base pour votre <strong><a href=\"http:\/\/www.kynova.com\/v2-agence\/communication-creation-strategie\/\">strat\u00e9gie digitale<\/a> <\/strong>future. Kynova a r\u00e9alis\u00e9 de nombreux projets de <strong>cr\u00e9ation de site internet<\/strong>. Avec une \u00e9quipe compos\u00e9e de profils compl\u00e9mentaires et exp\u00e9riment\u00e9s, l&rsquo;agence de communication Kynova vous accompagne sereinement dans la cr\u00e9ation de votre site internet.<\/p>\n<p>Apr\u00e8s la cr\u00e9ation du site internet, il est important de penser \u00e0 sa <strong>visibilit\u00e9<\/strong>. Kynova vous guide \u00e9galement dans la phase de <strong><a href=\"http:\/\/www.kynova.com\/v2-agence\/communication-creation-strategie\/\">r\u00e9f\u00e9rencement <\/a>de votre site<\/strong> afin que votre site internet atteigne ses objectifs !<\/p>\n<p>Et comme la cr\u00e9ation de site internet n&rsquo;est qu&rsquo;une composante digitale de votre <strong>communication<\/strong>, l&rsquo;agence Kynova vous propose de r\u00e9aliser dans le respect de <strong>votre image<\/strong> l&rsquo;ensemble des supports de <strong>communication traditionnelle<\/strong> dont vous auriez besoin&#8230; Avec cette <strong>dynamique<\/strong>, l&rsquo;agence Kynova devient votre r\u00e9flexe communication !<\/p>\n<h2>Nos services internet<\/h2>\n<div class=\"row\">\n<div class=\"col-sm-6\">\n<h3><strong>Cr\u00e9ation de site internet<\/strong><\/h3>\n<p>Des solutions de cr\u00e9ation de sites internet pour tout type d&rsquo;activit\u00e9, tout type de besoin et tout type de budget&#8230; De la simple carte de visite en ligne au site \u00e9ditorial ou ecommerce, nos solutions s&rsquo;adaptent \u00e0 votre besoin !<\/p>\n<\/div>\n<\/div>\n<div class=\"col-sm-6\">\n<h3><strong>Boutique en ligne \/ Ecommerce<\/strong><\/h3>\n<p>Vous souhaitez vendre sur internet, nous vous proposons des solutions de boutique en ligne quelque soit votre nombre de produits \u00e0 vendre ou leurs sp\u00e9cificit\u00e9s&#8230; Augmentez votre visibilit\u00e9 et vos ventes !<\/p>\n<\/div>\n<div class=\"row\">\n<h3><strong>Une technologie \u00e9volutive<\/strong><\/h3>\n<p>Chez Kynova, nous utilisons des technologies fiables et nous prenons soin de valider chaque composante de votre site internet. Nos d\u00e9veloppements sont test\u00e9s et s&rsquo;appuient sur des langages de programmation universels. Votre site peut ainsi \u00e9voluer en m\u00eame temps que vos besoins !<\/p>\n<\/div>\n<div class=\"row\">\n<div class=\"col-sm-6\">\n<h3><strong>Tout-en-un ! Nom de domaine, h\u00e9bergement, email&#8230;<\/strong><\/h3>\n<p>Vous souhaitez avoir votre propre nom de domaine ? Notre \u00e9quipe se charge de tout ! Enregistrement, renouvellement, gestion DNS, cr\u00e9ation des Email&#8230; D\u00e9couvrez l&rsquo;internet facile avec Kynova !<\/p>\n<\/div>\n<\/div>\n<div class=\"wrap t3-sl t3-sl-1 \">\n<h3><strong>Pour aller encore plus loin !<\/strong><\/h3>\n<p>Attirez plus de visiteurs sur votre site gr\u00e2ce \u00e0 notre expertise Google et des moteurs de recherche ! nous am\u00e9liorons votre r\u00e9f\u00e9rencement et votre strat\u00e9gie digitale.<\/p>\n<\/div>\n<div id=\"devis-internet\">\n<div class=\"ak-container2\"><a class=\"action-btn\" href=\"http:\/\/www.kynova.com\/v2-agence\/devis-site-internet\/index.php\">Demander un devis : Cr\u00e9ation de site internet<\/a><\/div>\n<\/div>\n<div class=\"wrap t3-sl t3-sl-3 \">\n<div class=\"container\">\n<div class=\"custom\">\n<h2>Confiez la cr\u00e9ation de votre site internet \u00e0 des professionnels de la communication&#8230;<\/h2>\n<p>La d\u00e9marche de notre agence est de vous accompagner dans toutes les <strong>\u00e9tapes de la cr\u00e9ation<\/strong> de votre site internet : \u00c9tude de vos besoins, d\u00e9finition du contenu, r\u00e9daction des textes, prise de vue photographique, photo d&rsquo;illustration, cr\u00e9ation graphique \/ design, r\u00e9alisation et mise en ligne&#8230; et pour vous permettre de tirer le maximum de votre site, nous en assurons le <strong>suivi<\/strong> et la <strong>maintenance<\/strong> !<\/p>\n<\/div>\n<div class=\"custom\"><strong>Vous souhaitez davantage de services&#8230; ?<\/strong><br \/>\nNous vous conseillons et assurons le <strong>marketing<\/strong> de votre site internet : <strong>R\u00e9f\u00e9rencement, promotion, publicit\u00e9<\/strong>&#8230; Notre \u00e9quipe \u00ab\u00a0cr\u00e9ation graphique\u00a0\u00bb peut r\u00e9aliser l&rsquo;ensemble de vos supports de communication, de la carte de visite \u00e0 la plaquette commerciale, nous assurons la cr\u00e9ation et l&rsquo;impression de vos documents !<strong>Toujours pas assez !?<\/strong><br \/>\nNotre \u00e9quipe \u00ab\u00a0d\u00e9veloppement\u00a0\u00bb vous accompagne dans la r\u00e9alisation de vos outils d&rsquo;exploitation et de production sur mesure : Application windows, mobile ou internet. Votre site est directement li\u00e9 \u00e0 votre fonctionnement interne. Vous gagnez en productivit\u00e9 et en performance !<\/div>\n<\/div>\n<div class=\"custom\"><\/div>\n<\/div>\n<h3><\/h3>\n<div class=\"wrap t3-sl t3-sl-3 \">\n<div class=\"custom\"><\/div>\n<\/div>\n<blockquote><p><strong>N&rsquo;h\u00e9sitez pas \u00e0 <a href=\"http:\/\/www.kynova.com\/v2-agence\/contact\/\">nous contacter<\/a> ou \u00e0 demander le <a href=\"http:\/\/www.kynova.com\/v2-agence\/demande-de-rappel\/\">rappel d&rsquo;un conseiller<\/a> afin d&rsquo;\u00e9tudier vos besoins en communication ou en impression.<\/strong><\/p><\/blockquote>\n","protected":false},"excerpt":{"rendered":"<p>Notre agence est sp\u00e9cialis\u00e9e dans la cr\u00e9ation de site internet d&rsquo;entreprise (PME, TPE, Ind\u00e9pendant) \u00e0 destination des professionnels et du grand public. Nous intervenons dans toutes les \u00e9tapes de la conception : \u00c9tude des besoins, constitution du projet, d\u00e9veloppement, cr\u00e9ation visuelle, mise en ligne, h\u00e9bergement, maintenance et suivi. Demander un devis : Cr\u00e9ation de site [&hellip;]<\/p>\n","protected":false},"author":1,"featured_media":100,"parent":0,"menu_order":0,"comment_status":"closed","ping_status":"closed","template":"creation-site.php","meta":{"_acf_changed":false,"footnotes":""},"class_list":["post-103","page","type-page","status-publish","has-post-thumbnail","hentry"],"acf":[],"yoast_head":"<!-- This site is optimized with the Yoast SEO plugin v26.6 - https:\/\/yoast.com\/wordpress\/plugins\/seo\/ -->\n<title>Cr\u00e9ation de site internet - Kynova<\/title>\n<meta name=\"robots\" content=\"index, follow, max-snippet:-1, max-image-preview:large, max-video-preview:-1\" \/>\n<link rel=\"canonical\" href=\"https:\/\/www.kynova.com\/v2-agence\/creation-de-site-internet\/\" \/>\n<meta property=\"og:locale\" content=\"fr_FR\" \/>\n<meta property=\"og:type\" content=\"article\" \/>\n<meta property=\"og:title\" content=\"Cr\u00e9ation de site internet - Kynova\" \/>\n<meta property=\"og:description\" content=\"Notre agence est sp\u00e9cialis\u00e9e dans la cr\u00e9ation de site internet d&rsquo;entreprise (PME, TPE, Ind\u00e9pendant) \u00e0 destination des professionnels et du grand public. Nous intervenons dans toutes les \u00e9tapes de la conception : \u00c9tude des besoins, constitution du projet, d\u00e9veloppement, cr\u00e9ation visuelle, mise en ligne, h\u00e9bergement, maintenance et suivi. Demander un devis : Cr\u00e9ation de site [&hellip;]\" \/>\n<meta property=\"og:url\" content=\"https:\/\/www.kynova.com\/v2-agence\/creation-de-site-internet\/\" \/>\n<meta property=\"og:site_name\" content=\"Kynova\" \/>\n<meta property=\"article:modified_time\" content=\"2023-07-04T11:35:31+00:00\" \/>\n<meta property=\"og:image\" content=\"https:\/\/www.kynova.com\/v2-agence\/wp-content\/uploads\/2016\/01\/site-web-creation.jpg\" \/>\n\t<meta property=\"og:image:width\" content=\"1500\" \/>\n\t<meta property=\"og:image:height\" content=\"981\" \/>\n\t<meta property=\"og:image:type\" content=\"image\/jpeg\" \/>\n<meta name=\"twitter:card\" content=\"summary_large_image\" \/>\n<meta name=\"twitter:label1\" content=\"Dur\u00e9e de lecture estim\u00e9e\" \/>\n\t<meta name=\"twitter:data1\" content=\"4 minutes\" \/>\n<script type=\"application\/ld+json\" class=\"yoast-schema-graph\">{\"@context\":\"https:\/\/schema.org\",\"@graph\":[{\"@type\":\"WebPage\",\"@id\":\"https:\/\/www.kynova.com\/v2-agence\/creation-de-site-internet\/\",\"url\":\"https:\/\/www.kynova.com\/v2-agence\/creation-de-site-internet\/\",\"name\":\"Cr\u00e9ation de site internet - Kynova\",\"isPartOf\":{\"@id\":\"https:\/\/www.kynova.com\/v2-agence\/#website\"},\"primaryImageOfPage\":{\"@id\":\"https:\/\/www.kynova.com\/v2-agence\/creation-de-site-internet\/#primaryimage\"},\"image\":{\"@id\":\"https:\/\/www.kynova.com\/v2-agence\/creation-de-site-internet\/#primaryimage\"},\"thumbnailUrl\":\"https:\/\/www.kynova.com\/v2-agence\/wp-content\/uploads\/2016\/01\/site-web-creation.jpg\",\"datePublished\":\"2016-01-07T19:45:38+00:00\",\"dateModified\":\"2023-07-04T11:35:31+00:00\",\"breadcrumb\":{\"@id\":\"https:\/\/www.kynova.com\/v2-agence\/creation-de-site-internet\/#breadcrumb\"},\"inLanguage\":\"fr-FR\",\"potentialAction\":[{\"@type\":\"ReadAction\",\"target\":[\"https:\/\/www.kynova.com\/v2-agence\/creation-de-site-internet\/\"]}]},{\"@type\":\"ImageObject\",\"inLanguage\":\"fr-FR\",\"@id\":\"https:\/\/www.kynova.com\/v2-agence\/creation-de-site-internet\/#primaryimage\",\"url\":\"https:\/\/www.kynova.com\/v2-agence\/wp-content\/uploads\/2016\/01\/site-web-creation.jpg\",\"contentUrl\":\"https:\/\/www.kynova.com\/v2-agence\/wp-content\/uploads\/2016\/01\/site-web-creation.jpg\",\"width\":1500,\"height\":981},{\"@type\":\"BreadcrumbList\",\"@id\":\"https:\/\/www.kynova.com\/v2-agence\/creation-de-site-internet\/#breadcrumb\",\"itemListElement\":[{\"@type\":\"ListItem\",\"position\":1,\"name\":\"Accueil\",\"item\":\"https:\/\/www.kynova.com\/v2-agence\/\"},{\"@type\":\"ListItem\",\"position\":2,\"name\":\"Cr\u00e9ation de site internet\"}]},{\"@type\":\"WebSite\",\"@id\":\"https:\/\/www.kynova.com\/v2-agence\/#website\",\"url\":\"https:\/\/www.kynova.com\/v2-agence\/\",\"name\":\"Kynova\",\"description\":\"Agence de communication et d\u00e9veloppement\",\"publisher\":{\"@id\":\"https:\/\/www.kynova.com\/v2-agence\/#organization\"},\"potentialAction\":[{\"@type\":\"SearchAction\",\"target\":{\"@type\":\"EntryPoint\",\"urlTemplate\":\"https:\/\/www.kynova.com\/v2-agence\/?s={search_term_string}\"},\"query-input\":{\"@type\":\"PropertyValueSpecification\",\"valueRequired\":true,\"valueName\":\"search_term_string\"}}],\"inLanguage\":\"fr-FR\"},{\"@type\":\"Organization\",\"@id\":\"https:\/\/www.kynova.com\/v2-agence\/#organization\",\"name\":\"Kynova\",\"url\":\"https:\/\/www.kynova.com\/v2-agence\/\",\"logo\":{\"@type\":\"ImageObject\",\"inLanguage\":\"fr-FR\",\"@id\":\"https:\/\/www.kynova.com\/v2-agence\/#\/schema\/logo\/image\/\",\"url\":\"https:\/\/www.kynova.com\/v2-agence\/wp-content\/uploads\/2015\/05\/logo-Kynova.png\",\"contentUrl\":\"https:\/\/www.kynova.com\/v2-agence\/wp-content\/uploads\/2015\/05\/logo-Kynova.png\",\"width\":349,\"height\":183,\"caption\":\"Kynova\"},\"image\":{\"@id\":\"https:\/\/www.kynova.com\/v2-agence\/#\/schema\/logo\/image\/\"}}]}<\/script>\n<!-- \/ Yoast SEO plugin. -->","yoast_head_json":{"title":"Cr\u00e9ation de site internet - Kynova","robots":{"index":"index","follow":"follow","max-snippet":"max-snippet:-1","max-image-preview":"max-image-preview:large","max-video-preview":"max-video-preview:-1"},"canonical":"https:\/\/www.kynova.com\/v2-agence\/creation-de-site-internet\/","og_locale":"fr_FR","og_type":"article","og_title":"Cr\u00e9ation de site internet - Kynova","og_description":"Notre agence est sp\u00e9cialis\u00e9e dans la cr\u00e9ation de site internet d&rsquo;entreprise (PME, TPE, Ind\u00e9pendant) \u00e0 destination des professionnels et du grand public. Nous intervenons dans toutes les \u00e9tapes de la conception : \u00c9tude des besoins, constitution du projet, d\u00e9veloppement, cr\u00e9ation visuelle, mise en ligne, h\u00e9bergement, maintenance et suivi. Demander un devis : Cr\u00e9ation de site [&hellip;]","og_url":"https:\/\/www.kynova.com\/v2-agence\/creation-de-site-internet\/","og_site_name":"Kynova","article_modified_time":"2023-07-04T11:35:31+00:00","og_image":[{"width":1500,"height":981,"url":"https:\/\/www.kynova.com\/v2-agence\/wp-content\/uploads\/2016\/01\/site-web-creation.jpg","type":"image\/jpeg"}],"twitter_card":"summary_large_image","twitter_misc":{"Dur\u00e9e de lecture estim\u00e9e":"4 minutes"},"schema":{"@context":"https:\/\/schema.org","@graph":[{"@type":"WebPage","@id":"https:\/\/www.kynova.com\/v2-agence\/creation-de-site-internet\/","url":"https:\/\/www.kynova.com\/v2-agence\/creation-de-site-internet\/","name":"Cr\u00e9ation de site internet - Kynova","isPartOf":{"@id":"https:\/\/www.kynova.com\/v2-agence\/#website"},"primaryImageOfPage":{"@id":"https:\/\/www.kynova.com\/v2-agence\/creation-de-site-internet\/#primaryimage"},"image":{"@id":"https:\/\/www.kynova.com\/v2-agence\/creation-de-site-internet\/#primaryimage"},"thumbnailUrl":"https:\/\/www.kynova.com\/v2-agence\/wp-content\/uploads\/2016\/01\/site-web-creation.jpg","datePublished":"2016-01-07T19:45:38+00:00","dateModified":"2023-07-04T11:35:31+00:00","breadcrumb":{"@id":"https:\/\/www.kynova.com\/v2-agence\/creation-de-site-internet\/#breadcrumb"},"inLanguage":"fr-FR","potentialAction":[{"@type":"ReadAction","target":["https:\/\/www.kynova.com\/v2-agence\/creation-de-site-internet\/"]}]},{"@type":"ImageObject","inLanguage":"fr-FR","@id":"https:\/\/www.kynova.com\/v2-agence\/creation-de-site-internet\/#primaryimage","url":"https:\/\/www.kynova.com\/v2-agence\/wp-content\/uploads\/2016\/01\/site-web-creation.jpg","contentUrl":"https:\/\/www.kynova.com\/v2-agence\/wp-content\/uploads\/2016\/01\/site-web-creation.jpg","width":1500,"height":981},{"@type":"BreadcrumbList","@id":"https:\/\/www.kynova.com\/v2-agence\/creation-de-site-internet\/#breadcrumb","itemListElement":[{"@type":"ListItem","position":1,"name":"Accueil","item":"https:\/\/www.kynova.com\/v2-agence\/"},{"@type":"ListItem","position":2,"name":"Cr\u00e9ation de site internet"}]},{"@type":"WebSite","@id":"https:\/\/www.kynova.com\/v2-agence\/#website","url":"https:\/\/www.kynova.com\/v2-agence\/","name":"Kynova","description":"Agence de communication et d\u00e9veloppement","publisher":{"@id":"https:\/\/www.kynova.com\/v2-agence\/#organization"},"potentialAction":[{"@type":"SearchAction","target":{"@type":"EntryPoint","urlTemplate":"https:\/\/www.kynova.com\/v2-agence\/?s={search_term_string}"},"query-input":{"@type":"PropertyValueSpecification","valueRequired":true,"valueName":"search_term_string"}}],"inLanguage":"fr-FR"},{"@type":"Organization","@id":"https:\/\/www.kynova.com\/v2-agence\/#organization","name":"Kynova","url":"https:\/\/www.kynova.com\/v2-agence\/","logo":{"@type":"ImageObject","inLanguage":"fr-FR","@id":"https:\/\/www.kynova.com\/v2-agence\/#\/schema\/logo\/image\/","url":"https:\/\/www.kynova.com\/v2-agence\/wp-content\/uploads\/2015\/05\/logo-Kynova.png","contentUrl":"https:\/\/www.kynova.com\/v2-agence\/wp-content\/uploads\/2015\/05\/logo-Kynova.png","width":349,"height":183,"caption":"Kynova"},"image":{"@id":"https:\/\/www.kynova.com\/v2-agence\/#\/schema\/logo\/image\/"}}]}},"_links":{"self":[{"href":"https:\/\/www.kynova.com\/v2-agence\/wp-json\/wp\/v2\/pages\/103","targetHints":{"allow":["GET"]}}],"collection":[{"href":"https:\/\/www.kynova.com\/v2-agence\/wp-json\/wp\/v2\/pages"}],"about":[{"href":"https:\/\/www.kynova.com\/v2-agence\/wp-json\/wp\/v2\/types\/page"}],"author":[{"embeddable":true,"href":"https:\/\/www.kynova.com\/v2-agence\/wp-json\/wp\/v2\/users\/1"}],"replies":[{"embeddable":true,"href":"https:\/\/www.kynova.com\/v2-agence\/wp-json\/wp\/v2\/comments?post=103"}],"version-history":[{"count":23,"href":"https:\/\/www.kynova.com\/v2-agence\/wp-json\/wp\/v2\/pages\/103\/revisions"}],"predecessor-version":[{"id":867,"href":"https:\/\/www.kynova.com\/v2-agence\/wp-json\/wp\/v2\/pages\/103\/revisions\/867"}],"wp:featuredmedia":[{"embeddable":true,"href":"https:\/\/www.kynova.com\/v2-agence\/wp-json\/wp\/v2\/media\/100"}],"wp:attachment":[{"href":"https:\/\/www.kynova.com\/v2-agence\/wp-json\/wp\/v2\/media?parent=103"}],"curies":[{"name":"wp","href":"https:\/\/api.w.org\/{rel}","templated":true}]}}